{"id":2225,"date":"2024-12-02T16:28:19","date_gmt":"2024-12-02T15:28:19","guid":{"rendered":"https:\/\/mazarron.websiteagency.nl\/?page_id=2225"},"modified":"2025-04-16T14:06:09","modified_gmt":"2025-04-16T12:06:09","slug":"luxe","status":"publish","type":"page","link":"https:\/\/villamazarron.nl\/fr\/costa-calida\/luxe\/","title":{"rendered":"Luxe"},"content":{"rendered":"<div id='full_slider_1'  class='avia-fullwidth-slider main_color avia-shadow   avia-builder-el-0  el_before_av_one_full  avia-builder-el-first   container_wrap fullsize'  ><div  class='avia-slideshow av-m476q0w8-6b8a072f8ea5fd77034d7a733c2124c7 avia-slideshow-extra_large av_slideshow_full avia-slide-slider av-slideshow-ui av-control-default av-slideshow-manual av-loop-once av-loop-manual-endless av-default-height-applied  image_no_stretch avia-slideshow-1' data-slideshow-options=\"{&quot;animation&quot;:&quot;slide&quot;,&quot;autoplay&quot;:false,&quot;loop_autoplay&quot;:&quot;once&quot;,&quot;interval&quot;:5,&quot;loop_manual&quot;:&quot;manual-endless&quot;,&quot;autoplay_stopper&quot;:false,&quot;noNavigation&quot;:false,&quot;bg_slider&quot;:false,&quot;keep_padding&quot;:false,&quot;hoverpause&quot;:false,&quot;show_slide_delay&quot;:0}\"  itemprop=\"image\" itemscope=\"itemscope\" itemtype=\"https:\/\/schema.org\/ImageObject\" ><ul class='avia-slideshow-inner ' style='padding-bottom: 50%;'><li  class='avia-slideshow-slide av-m476q0w8-6b8a072f8ea5fd77034d7a733c2124c7__0  av-single-slide slide-1 slide-odd'><div data-rel='slideshow-1' class='avia-slide-wrap '   ><img decoding=\"async\" fetchpriority=\"high\" class=\"wp-image-4924 avia-img-lazy-loading-not-4924\"  src=\"https:\/\/villamazarron.nl\/wp-content\/uploads\/2024\/12\/IMG_1564-1500x750.jpg\" width=\"1500\" height=\"750\" title='IMG_1564' alt=''  itemprop=\"thumbnailUrl\" srcset=\"https:\/\/villamazarron.nl\/wp-content\/uploads\/2024\/12\/IMG_1564-1500x750.jpg 1500w, https:\/\/villamazarron.nl\/wp-content\/uploads\/2024\/12\/IMG_1564-300x150.jpg 300w, https:\/\/villamazarron.nl\/wp-content\/uploads\/2024\/12\/IMG_1564-1030x515.jpg 1030w, https:\/\/villamazarron.nl\/wp-content\/uploads\/2024\/12\/IMG_1564-768x384.jpg 768w, https:\/\/villamazarron.nl\/wp-content\/uploads\/2024\/12\/IMG_1564-1536x768.jpg 1536w, https:\/\/villamazarron.nl\/wp-content\/uploads\/2024\/12\/IMG_1564-705x353.jpg 705w, https:\/\/villamazarron.nl\/wp-content\/uploads\/2024\/12\/IMG_1564.jpg 1920w\" sizes=\"(max-width: 1500px) 100vw, 1500px\" \/><\/div><\/li><\/ul><\/div><\/div><div id='after_full_slider_1'  class='main_color av_default_container_wrap container_wrap fullsize'  ><div class='container av-section-cont-open' ><div class='template-page content  av-content-full alpha units'><div class='post-entry post-entry-type-page post-entry-2225'><div class='entry-content-wrapper clearfix'>\n\n<style type=\"text\/css\" data-created_by=\"avia_inline_auto\" id=\"style-css-av-b6e7k-70206a5c1ba8fea227998ba6e1e4287a\">\n.flex_column.av-b6e7k-70206a5c1ba8fea227998ba6e1e4287a{\nborder-radius:0px 0px 0px 0px;\npadding:0px 0px 0px 0px;\n}\n<\/style>\n<div  class='flex_column av-b6e7k-70206a5c1ba8fea227998ba6e1e4287a av_one_full  avia-builder-el-1  el_after_av_slideshow_full  avia-builder-el-no-sibling  first flex_column_div av-zero-column-padding  '     ><p>\n<style type=\"text\/css\" data-created_by=\"avia_inline_auto\" id=\"style-css-av-av_heading-270a96657e2d09b7799e2a70ede6a6ba\">\n#top .av-special-heading.av-av_heading-270a96657e2d09b7799e2a70ede6a6ba{\npadding-bottom:10px;\n}\nbody .av-special-heading.av-av_heading-270a96657e2d09b7799e2a70ede6a6ba .av-special-heading-tag .heading-char{\nfont-size:25px;\n}\n.av-special-heading.av-av_heading-270a96657e2d09b7799e2a70ede6a6ba .av-subheading{\nfont-size:15px;\n}\n<\/style>\n<div  class='av-special-heading av-av_heading-270a96657e2d09b7799e2a70ede6a6ba av-special-heading-h1 blockquote modern-quote modern-centered  avia-builder-el-2  el_before_av_textblock  avia-builder-el-first '><h1 class='av-special-heading-tag '  itemprop=\"headline\"  >Luxe<\/h1><div class=\"special-heading-border\"><div class=\"special-heading-inner-border\"><\/div><\/div><\/div><br \/>\n<section  class='av_textblock_section av-kqwfvb1f-1c2792c0d2b2298cc42ae64f9cebf020 '   itemscope=\"itemscope\" itemtype=\"https:\/\/schema.org\/CreativeWork\" ><div class='avia_textblock'  itemprop=\"text\" ><div class=\"entry-content\">\n<p>Lorsque vous r\u00e9servez avec Villamazarron, vous avez la garantie d\u2019un \u00ab luxe \u00bb fiable et d\u2019excellents conseils. Villamazarron est \u00e0 votre service de la r\u00e9servation au retour chez vous. Villamazarron sait ce que vos vacances vous rapportent et fera tout pour vous rendre heureux.<\/p>\n<h2>Le luxe est aussi le niveau des propri\u00e9t\u00e9s que nous louons.<\/h2>\n<p>Que pouvez-vous attendre?<\/p>\n<p>Propri\u00e9t\u00e9 tr\u00e8s propre \u00e0 l\u2019arriv\u00e9e; tout a \u00e9t\u00e9 v\u00e9rifi\u00e9.<br \/>\nBien entretenu sur tous les fronts. Int\u00e9rieur de grande qualit\u00e9. De beaux jardins m\u00e9diterran\u00e9ens avec de belles plantes qui sont entretenues chaque semaine par le jardinier.<br \/>\nLorsque vous r\u00e9servez une villa avec piscine; Ceci est tr\u00e8s propre et test\u00e9 deux fois par semaine. En \u00e9t\u00e9, m\u00eame 3 fois par semaine de nettoyage et de v\u00e9rification.<br \/>\nLes effets de m\u00e9nage seront remplac\u00e9s dans le temps; c\u2019est en excellent \u00e9tat et de haute qualit\u00e9.<br \/>\nLes pannes d\u2019eau et d\u2019\u00e9lectricit\u00e9 ne se produisent pas, ce qui est parfois diff\u00e9rent en Espagne.<\/p>\n<\/div>\n<p><img decoding=\"async\" class=\"aligncenter size-large wp-image-5196\" src=\"https:\/\/villamazarron.nl\/wp-content\/uploads\/2025\/02\/Luxe-2-Villamazarron-1030x773.jpeg\" alt=\"\" width=\"1030\" height=\"773\" srcset=\"https:\/\/villamazarron.nl\/wp-content\/uploads\/2025\/02\/Luxe-2-Villamazarron-1030x773.jpeg 1030w, https:\/\/villamazarron.nl\/wp-content\/uploads\/2025\/02\/Luxe-2-Villamazarron-300x225.jpeg 300w, https:\/\/villamazarron.nl\/wp-content\/uploads\/2025\/02\/Luxe-2-Villamazarron-768x576.jpeg 768w, https:\/\/villamazarron.nl\/wp-content\/uploads\/2025\/02\/Luxe-2-Villamazarron-1536x1152.jpeg 1536w, https:\/\/villamazarron.nl\/wp-content\/uploads\/2025\/02\/Luxe-2-Villamazarron-1500x1125.jpeg 1500w, https:\/\/villamazarron.nl\/wp-content\/uploads\/2025\/02\/Luxe-2-Villamazarron-705x529.jpeg 705w, https:\/\/villamazarron.nl\/wp-content\/uploads\/2025\/02\/Luxe-2-Villamazarron.jpeg 1920w\" sizes=\"(max-width: 1030px) 100vw, 1030px\" \/><\/p>\n<div class=\"entry-content\">\n<h2>Vous obtenez \u00e9galement un sentiment de \u00ab\u00a0luxe\u00a0\u00bb \u2026\u2026<\/h2>\n<p>Cette r\u00e9gion typiquement espagnole o\u00f9 la vie n\u2019est pas trop ch\u00e8re.<br \/>\nLa belle station baln\u00e9aire ou la plage o\u00f9 nos maisons sont.<br \/>\nLa zone autour de la station; tranquillit\u00e9, espace, parfums d\u2019herbes merveilleux dans les montagnes. Si vous en avez l\u2019oeil; la plus belle flore et faune!<br \/>\nPas de tourisme de masse autour de chez vous \u2026\u2026\u2026<br \/>\nLa belle \u00e9tendue de c\u00f4te de la Costa C\u00e1lida avec ses baies, ses plages, ses rochers, ses villages et ses merveilleux restaurants avec une superbe carte et des prix corrects. Tout cela \u00e0 moins de 10 minutes de chez vous.<br \/>\nFaites du shopping, mangez ou prenez un verre dans des villes telles que Murcie, Carthag\u00e8ne ou Lorca. Vous serez surpris! Tout cela dans une demi-heure de route.<br \/>\nUn peu plus loin (Grenade) m\u00eame la possibilit\u00e9 de skier en hiver. Ou une visite \u00e0 \u00ab\u00a0l\u2019Alhambra\u00a0\u00bb<br \/>\nVillamazarron vous souhaite la bienvenue. Consultez nos critiques et essayez-le! Vous ne regretterez pas le meilleur climat en Europe et l\u2019air le plus pur d\u2019Europe.<\/p>\n<p>Vous cherchez une propri\u00e9t\u00e9 de luxe?<br \/>\nAlors v\u00e9rifiez <a href=\"https:\/\/www.villamazarron.nl\/fr\/villas\/casa-maravilla\/\">ICI<\/a> Casa Maravilla.<\/p>\n<\/div>\n<\/div><\/section><\/p><\/div>\n","protected":false},"excerpt":{"rendered":"","protected":false},"author":1,"featured_media":0,"parent":1822,"menu_order":0,"comment_status":"closed","ping_status":"closed","template":"","meta":{"footnotes":""},"class_list":["post-2225","page","type-page","status-publish","hentry"],"_links":{"self":[{"href":"https:\/\/villamazarron.nl\/fr\/wp-json\/wp\/v2\/pages\/2225","targetHints":{"allow":["GET"]}}],"collection":[{"href":"https:\/\/villamazarron.nl\/fr\/wp-json\/wp\/v2\/pages"}],"about":[{"href":"https:\/\/villamazarron.nl\/fr\/wp-json\/wp\/v2\/types\/page"}],"author":[{"embeddable":true,"href":"https:\/\/villamazarron.nl\/fr\/wp-json\/wp\/v2\/users\/1"}],"replies":[{"embeddable":true,"href":"https:\/\/villamazarron.nl\/fr\/wp-json\/wp\/v2\/comments?post=2225"}],"version-history":[{"count":5,"href":"https:\/\/villamazarron.nl\/fr\/wp-json\/wp\/v2\/pages\/2225\/revisions"}],"predecessor-version":[{"id":5601,"href":"https:\/\/villamazarron.nl\/fr\/wp-json\/wp\/v2\/pages\/2225\/revisions\/5601"}],"up":[{"embeddable":true,"href":"https:\/\/villamazarron.nl\/fr\/wp-json\/wp\/v2\/pages\/1822"}],"wp:attachment":[{"href":"https:\/\/villamazarron.nl\/fr\/wp-json\/wp\/v2\/media?parent=2225"}],"curies":[{"name":"wp","href":"https:\/\/api.w.org\/{rel}","templated":true}]}}