{"id":2199,"date":"2021-01-22T15:25:36","date_gmt":"2021-01-22T14:25:36","guid":{"rendered":"https:\/\/mazarron.websiteagency.nl\/overwinteren\/"},"modified":"2025-04-16T14:15:36","modified_gmt":"2025-04-16T12:15:36","slug":"hiverner","status":"publish","type":"page","link":"https:\/\/villamazarron.nl\/fr\/costa-calida\/hiverner\/","title":{"rendered":"Hiverner"},"content":{"rendered":"<div id='full_slider_1'  class='avia-fullwidth-slider main_color avia-shadow   avia-builder-el-0  el_before_av_one_full  avia-builder-el-first   container_wrap fullsize'  ><div  class='avia-slideshow av-m476j0qs-03dd4f5f0286baf4c57fb51f043717e9 avia-slideshow-extra_large av_slideshow_full avia-slide-slider av-slideshow-ui av-control-default av-slideshow-manual av-loop-once av-loop-manual-endless av-default-height-applied  image_no_stretch avia-slideshow-1' data-slideshow-options=\"{&quot;animation&quot;:&quot;slide&quot;,&quot;autoplay&quot;:false,&quot;loop_autoplay&quot;:&quot;once&quot;,&quot;interval&quot;:5,&quot;loop_manual&quot;:&quot;manual-endless&quot;,&quot;autoplay_stopper&quot;:false,&quot;noNavigation&quot;:false,&quot;bg_slider&quot;:false,&quot;keep_padding&quot;:false,&quot;hoverpause&quot;:false,&quot;show_slide_delay&quot;:0}\"  itemprop=\"image\" itemscope=\"itemscope\" itemtype=\"https:\/\/schema.org\/ImageObject\" ><ul class='avia-slideshow-inner ' style='padding-bottom: 50%;'><li  class='avia-slideshow-slide av-m476j0qs-03dd4f5f0286baf4c57fb51f043717e9__0  av-single-slide slide-1 slide-odd'><div data-rel='slideshow-1' class='avia-slide-wrap '   ><img decoding=\"async\" fetchpriority=\"high\" class=\"wp-image-4954 avia-img-lazy-loading-not-4954\"  src=\"https:\/\/villamazarron.nl\/wp-content\/uploads\/2024\/12\/IMG_5054-1500x750.jpg\" width=\"1500\" height=\"750\" title='IMG_5054' alt=''  itemprop=\"thumbnailUrl\" srcset=\"https:\/\/villamazarron.nl\/wp-content\/uploads\/2024\/12\/IMG_5054-1500x750.jpg 1500w, https:\/\/villamazarron.nl\/wp-content\/uploads\/2024\/12\/IMG_5054-300x150.jpg 300w, https:\/\/villamazarron.nl\/wp-content\/uploads\/2024\/12\/IMG_5054-1030x515.jpg 1030w, https:\/\/villamazarron.nl\/wp-content\/uploads\/2024\/12\/IMG_5054-768x384.jpg 768w, https:\/\/villamazarron.nl\/wp-content\/uploads\/2024\/12\/IMG_5054-1536x768.jpg 1536w, https:\/\/villamazarron.nl\/wp-content\/uploads\/2024\/12\/IMG_5054-705x353.jpg 705w, https:\/\/villamazarron.nl\/wp-content\/uploads\/2024\/12\/IMG_5054.jpg 1920w\" sizes=\"(max-width: 1500px) 100vw, 1500px\" \/><\/div><\/li><\/ul><\/div><\/div><div id='after_full_slider_1'  class='main_color av_default_container_wrap container_wrap fullsize'  ><div class='container av-section-cont-open' ><div class='template-page content  av-content-full alpha units'><div class='post-entry post-entry-type-page post-entry-2199'><div class='entry-content-wrapper clearfix'>\n\n<style type=\"text\/css\" data-created_by=\"avia_inline_auto\" id=\"style-css-av-85jzy-46ce16de4f3de9ab656424ac1339d207\">\n.flex_column.av-85jzy-46ce16de4f3de9ab656424ac1339d207{\nborder-radius:0px 0px 0px 0px;\npadding:0px 0px 0px 0px;\n}\n<\/style>\n<div  class='flex_column av-85jzy-46ce16de4f3de9ab656424ac1339d207 av_one_full  avia-builder-el-1  el_after_av_slideshow_full  el_before_av_one_fifth  avia-builder-el-first  first flex_column_div av-zero-column-padding  '     ><p>\n<style type=\"text\/css\" data-created_by=\"avia_inline_auto\" id=\"style-css-av-av_heading-87250966ebfe838d8d68f3a35e9646c0\">\n#top .av-special-heading.av-av_heading-87250966ebfe838d8d68f3a35e9646c0{\npadding-bottom:10px;\n}\nbody .av-special-heading.av-av_heading-87250966ebfe838d8d68f3a35e9646c0 .av-special-heading-tag .heading-char{\nfont-size:25px;\n}\n.av-special-heading.av-av_heading-87250966ebfe838d8d68f3a35e9646c0 .av-subheading{\nfont-size:15px;\n}\n<\/style>\n<div  class='av-special-heading av-av_heading-87250966ebfe838d8d68f3a35e9646c0 av-special-heading-h1 blockquote modern-quote modern-centered  avia-builder-el-2  el_before_av_textblock  avia-builder-el-first '><h1 class='av-special-heading-tag '  itemprop=\"headline\"  >Hiverner<\/h1><div class=\"special-heading-border\"><div class=\"special-heading-inner-border\"><\/div><\/div><\/div><br \/>\n<section  class='av_textblock_section av-l6bxts7l-90fa3a3350e114d551ab55142686424d '   itemscope=\"itemscope\" itemtype=\"https:\/\/schema.org\/CreativeWork\" ><div class='avia_textblock'  itemprop=\"text\" ><p style=\"text-align: center;\"><em>Avez-vous d\u00e9j\u00e0 v\u00e9cu un hiver avec presque tous les jours de soleil?<\/em><br \/>\nVenez d\u00e9couvrir l\u2019hospitalit\u00e9 de Villamazarron.<\/p>\n<\/div><\/section><\/p><\/div>\n\n<style type=\"text\/css\" data-created_by=\"avia_inline_auto\" id=\"style-css-av-av_one_fifth-79ff81c021393065cee878051452f6a6\">\n.flex_column.av-av_one_fifth-79ff81c021393065cee878051452f6a6{\nborder-radius:0px 0px 0px 0px;\npadding:0px 0px 0px 0px;\n}\n<\/style>\n<div  class='flex_column av-av_one_fifth-79ff81c021393065cee878051452f6a6 av_one_fifth  avia-builder-el-4  el_after_av_one_full  el_before_av_three_fifth  first flex_column_div av-zero-column-padding  column-top-margin'     ><\/div>\n\n<style type=\"text\/css\" data-created_by=\"avia_inline_auto\" id=\"style-css-av-av_three_fifth-49f6e875884219cf77c24341e550af53\">\n.flex_column.av-av_three_fifth-49f6e875884219cf77c24341e550af53{\nborder-radius:0px 0px 0px 0px;\npadding:0px 0px 0px 0px;\n}\n<\/style>\n<div  class='flex_column av-av_three_fifth-49f6e875884219cf77c24341e550af53 av_three_fifth  avia-builder-el-5  el_after_av_one_fifth  el_before_av_one_fifth  flex_column_div av-zero-column-padding  column-top-margin'     ><style type=\"text\/css\" data-created_by=\"avia_inline_auto\" id=\"style-css-av-l6bxu9ng-303ec1caf8d2e1f411123bbc279e7363\">\n.avia-video.av-l6bxu9ng-303ec1caf8d2e1f411123bbc279e7363{\nbackground-image:url(https:\/\/villamazarron.nl\/wp-content\/uploads\/2022\/08\/Villamazarron-Eropuit.jpg);\n}\n<\/style>\n<div  class='avia-video av-l6bxu9ng-303ec1caf8d2e1f411123bbc279e7363 avia-video-16-9 av-preview-image avia-video-lightbox av-lazyload-video-embed avia-video-standard-html'  itemprop=\"video\" itemtype=\"https:\/\/schema.org\/VideoObject\"  data-original_url='https:\/\/villamazarron.nl\/wp-content\/uploads\/2022\/08\/Villamazarron-Eropuit.mp4'><script type='text\/html' class='av-video-tmpl'><a href='https:\/\/villamazarron.nl\/wp-content\/uploads\/2022\/08\/Villamazarron-Eropuit.mp4' rel='lightbox' class='mfp-iframe lightbox-link' data-custom_class='avia-mfp-is-video avia-mfp-video-16-9  '><\/a><\/script><div class=\"av-click-to-play-overlay play-lightbox\"><div class=\"avia_playpause_icon\"><\/div><\/div><\/div><\/div>\n\n<style type=\"text\/css\" data-created_by=\"avia_inline_auto\" id=\"style-css-av-av_one_fifth-49f6e875884219cf77c24341e550af53\">\n.flex_column.av-av_one_fifth-49f6e875884219cf77c24341e550af53{\nborder-radius:0px 0px 0px 0px;\npadding:0px 0px 0px 0px;\n}\n<\/style>\n<div  class='flex_column av-av_one_fifth-49f6e875884219cf77c24341e550af53 av_one_fifth  avia-builder-el-7  el_after_av_three_fifth  el_before_av_one_full  flex_column_div av-zero-column-padding  column-top-margin'     ><\/div>\n\n<style type=\"text\/css\" data-created_by=\"avia_inline_auto\" id=\"style-css-av-av_one_full-79ff81c021393065cee878051452f6a6\">\n.flex_column.av-av_one_full-79ff81c021393065cee878051452f6a6{\nborder-radius:0px 0px 0px 0px;\npadding:0px 0px 0px 0px;\n}\n<\/style>\n<div  class='flex_column av-av_one_full-79ff81c021393065cee878051452f6a6 av_one_full  avia-builder-el-8  el_after_av_one_fifth  avia-builder-el-last  first flex_column_div av-zero-column-padding  column-top-margin'     ><section  class='av_textblock_section av-kqwg4xys-1ce6a2c787f25082b57558a297861518 '   itemscope=\"itemscope\" itemtype=\"https:\/\/schema.org\/CreativeWork\" ><div class='avia_textblock'  itemprop=\"text\" ><div class=\"entry-content\">\n<p>Passer l\u2019hiver sur la Costa Calida pr\u00e9sente de nombreux avantages.<\/p>\n<p>Le climat le plus ensoleill\u00e9 en hiver dans l\u2019ensemble du sud de l\u2019Europe.<br \/>\nL\u2019air le plus sain du sud de l\u2019Europe a \u00e9t\u00e9 d\u00e9montr\u00e9 dans cette r\u00e9gion de la Costa C\u00e1lida.<br \/>\nLa vie bon march\u00e9 sur la Costa C\u00e1lida; l\u2019hivernage est moins cher que pr\u00e9vu. Faites le test!<br \/>\nLes habitants sympathiques et toujours serviables de la Costa C\u00e1lida.<\/p>\n<p>Excellents soins de sant\u00e9 dans la r\u00e9gion.<\/p>\n<p>Toujours servir \u00e0 la station de Casa\u00f1a. Casa\u00f1a a des employ\u00e9s qui parlent toutes les langues. Nous ou Casa\u00f1a vous accueillerons, vous saluerons au d\u00e9part et, en attendant, sommes toujours disponibles si vous avez un probl\u00e8me \u00e0 r\u00e9soudre.<br \/>\nTous les loisirs que vous souhaitez se trouvent dans cette r\u00e9gion. une nature magnifique, une culture, des installations sportives au sens le plus large du terme, une excellente cuisine, des boutiques fantastiques, bref, trop pour \u00eatre \u00e9num\u00e9r\u00e9es. Avant que vous ne le sachiez, \u00ab\u00a0l\u2019hiver\u00a0\u00bb est termin\u00e9 et vous retournerez en Europe du Nord sous une forme bronz\u00e9e, o\u00f9 le printemps va recommencer. Pendant votre s\u00e9jour, \u00ab\u00a0trek\u00a0\u00bb dans la neige; la \u00ab\u00a0Sierra Nevada\u00a0\u00bb est facile \u00e0 conduire en voiture.<\/p>\n<p>Tout cela pour un prix qui va vous surprendre. Par rapport \u00e0 la qualit\u00e9 que nous vous proposons, vous ferez une \u00ab\u00a0bonne affaire\u00a0\u00bb en hiver en Espagne. Demandez-nous un devis et devenez notre h\u00f4te. Nous offrons de tr\u00e8s bons prix de novembre \u00e0 mars.<br \/>\nVillamazarron est flexible; votre prix d\u00e9pend du nombre de personnes et de la dur\u00e9e que vous souhaitez r\u00e9server. <em>\u00ab\u00a0Plus vous venez, moins vous restez\u00a0\u00bb<\/em>, demandez-nous si nous pouvons vous faire une offre. Chez Villamazarron, vous pouvez louer tous les co\u00fbts (vous savez o\u00f9 vous en \u00eates) ou les exclure (le gaz, l\u2019\u00e9lectricit\u00e9 et l\u2019eau sont ensuite calcul\u00e9s en fonction de votre utilisation r\u00e9elle). Comme vous le souhaitez \u2026\u2026..<\/p>\n<p>Nous esp\u00e9rons vous accueillir comme notre invit\u00e9. Avec un choix de 6 propri\u00e9t\u00e9s, il y a toujours une propri\u00e9t\u00e9 qui vous convient. Ces derni\u00e8res ann\u00e9es, nous avons appris que de nombreux clients satisfaits vous ont pr\u00e9c\u00e9d\u00e9. Et \u2026\u2026\u2026 vous ne voulez pas passer l\u2019hiver \u00e0 la station; Regardez Casa Anavicente sur la plage dans le pur village espagnol de Puntas de Calnegre. \u00c7a ne peut pas \u00eatre plus espagnol !!!<\/p>\n<p>Bienvenue \u00e0 Villamazarron.<\/p>\n<h2>Demandez nos tarifs sp\u00e9ciaux pour l\u2019hiver!<\/h2>\n<\/div>\n<\/div><\/section><\/div>\n","protected":false},"excerpt":{"rendered":"","protected":false},"author":1,"featured_media":0,"parent":1822,"menu_order":0,"comment_status":"closed","ping_status":"closed","template":"","meta":{"footnotes":""},"class_list":["post-2199","page","type-page","status-publish","hentry"],"_links":{"self":[{"href":"https:\/\/villamazarron.nl\/fr\/wp-json\/wp\/v2\/pages\/2199","targetHints":{"allow":["GET"]}}],"collection":[{"href":"https:\/\/villamazarron.nl\/fr\/wp-json\/wp\/v2\/pages"}],"about":[{"href":"https:\/\/villamazarron.nl\/fr\/wp-json\/wp\/v2\/types\/page"}],"author":[{"embeddable":true,"href":"https:\/\/villamazarron.nl\/fr\/wp-json\/wp\/v2\/users\/1"}],"replies":[{"embeddable":true,"href":"https:\/\/villamazarron.nl\/fr\/wp-json\/wp\/v2\/comments?post=2199"}],"version-history":[{"count":5,"href":"https:\/\/villamazarron.nl\/fr\/wp-json\/wp\/v2\/pages\/2199\/revisions"}],"predecessor-version":[{"id":5614,"href":"https:\/\/villamazarron.nl\/fr\/wp-json\/wp\/v2\/pages\/2199\/revisions\/5614"}],"up":[{"embeddable":true,"href":"https:\/\/villamazarron.nl\/fr\/wp-json\/wp\/v2\/pages\/1822"}],"wp:attachment":[{"href":"https:\/\/villamazarron.nl\/fr\/wp-json\/wp\/v2\/media?parent=2199"}],"curies":[{"name":"wp","href":"https:\/\/api.w.org\/{rel}","templated":true}]}}