{"id":1886,"date":"2021-09-03T16:02:44","date_gmt":"2021-09-03T14:02:44","guid":{"rendered":"https:\/\/mazarron.websiteagency.nl\/costa-callida\/accessibilite\/"},"modified":"2025-04-16T14:11:53","modified_gmt":"2025-04-16T12:11:53","slug":"accessibilite","status":"publish","type":"page","link":"https:\/\/villamazarron.nl\/fr\/costa-calida\/accessibilite\/","title":{"rendered":"Accessibilit\u00e9"},"content":{"rendered":"<div id='full_slider_1'  class='avia-fullwidth-slider main_color avia-shadow   avia-builder-el-0  el_before_av_one_full  avia-builder-el-first   container_wrap fullsize'  ><div  class='avia-slideshow av-m4765wfd-1a20116158a6c7c3d3b97d0f6000b805 avia-slideshow-featured_large av_slideshow_full avia-slide-slider av-slideshow-ui av-control-default av-slideshow-manual av-loop-once av-loop-manual-endless av-default-height-applied  image_no_stretch avia-slideshow-1' data-slideshow-options=\"{&quot;animation&quot;:&quot;slide&quot;,&quot;autoplay&quot;:false,&quot;loop_autoplay&quot;:&quot;once&quot;,&quot;interval&quot;:5,&quot;loop_manual&quot;:&quot;manual-endless&quot;,&quot;autoplay_stopper&quot;:false,&quot;noNavigation&quot;:false,&quot;bg_slider&quot;:false,&quot;keep_padding&quot;:false,&quot;hoverpause&quot;:false,&quot;show_slide_delay&quot;:0}\"  itemprop=\"image\" itemscope=\"itemscope\" itemtype=\"https:\/\/schema.org\/ImageObject\" ><ul class='avia-slideshow-inner ' style='padding-bottom: 42%;'><li  class='avia-slideshow-slide av-m4765wfd-1a20116158a6c7c3d3b97d0f6000b805__0  av-single-slide slide-1 slide-odd'><div data-rel='slideshow-1' class='avia-slide-wrap '   ><img decoding=\"async\" fetchpriority=\"high\" class=\"wp-image-5174 avia-img-lazy-loading-not-5174\"  src=\"https:\/\/villamazarron.nl\/wp-content\/uploads\/2025\/02\/Bereikbaarheid-Villamazarron-1500x630.jpg\" width=\"1500\" height=\"630\" title='Bereikbaarheid - Villamazarron' alt=''  itemprop=\"thumbnailUrl\"   \/><\/div><\/li><\/ul><\/div><\/div><div id='after_full_slider_1'  class='main_color av_default_container_wrap container_wrap fullsize'  ><div class='container av-section-cont-open' ><div class='template-page content  av-content-full alpha units'><div class='post-entry post-entry-type-page post-entry-1886'><div class='entry-content-wrapper clearfix'>\n\n<style type=\"text\/css\" data-created_by=\"avia_inline_auto\" id=\"style-css-av-16ooc-6a1f7c1f48a65bfd513c42e1d7b29308\">\n.flex_column.av-16ooc-6a1f7c1f48a65bfd513c42e1d7b29308{\nborder-radius:0px 0px 0px 0px;\npadding:0px 0px 0px 0px;\n}\n<\/style>\n<div  class='flex_column av-16ooc-6a1f7c1f48a65bfd513c42e1d7b29308 av_one_full  avia-builder-el-1  el_after_av_slideshow_full  avia-builder-el-no-sibling  first flex_column_div av-zero-column-padding  '     ><p>\n<style type=\"text\/css\" data-created_by=\"avia_inline_auto\" id=\"style-css-av-kpguen0h-be4c47ec2b0f6c7975aa8c84c40db4c4\">\n#top .av-special-heading.av-kpguen0h-be4c47ec2b0f6c7975aa8c84c40db4c4{\npadding-bottom:10px;\n}\nbody .av-special-heading.av-kpguen0h-be4c47ec2b0f6c7975aa8c84c40db4c4 .av-special-heading-tag .heading-char{\nfont-size:25px;\n}\n.av-special-heading.av-kpguen0h-be4c47ec2b0f6c7975aa8c84c40db4c4 .av-subheading{\nfont-size:15px;\n}\n<\/style>\n<div  class='av-special-heading av-kpguen0h-be4c47ec2b0f6c7975aa8c84c40db4c4 av-special-heading-h1 blockquote modern-quote modern-centered  avia-builder-el-2  el_before_av_textblock  avia-builder-el-first '><h1 class='av-special-heading-tag '  itemprop=\"headline\"  >Accessibilit\u00e9<\/h1><div class=\"special-heading-border\"><div class=\"special-heading-inner-border\"><\/div><\/div><\/div><br \/>\n<section  class='av_textblock_section av-kpguigya-be58f3513db99c3961a1120684ed3842 '   itemscope=\"itemscope\" itemtype=\"https:\/\/schema.org\/CreativeWork\" ><div class='avia_textblock'  itemprop=\"text\" ><p>Depuis le mois julliet 2007 le &lsquo;Mazarron Country Club&rsquo; est accessible encore plus facile qu\u2019avant.<\/p>\n<p>\u00c0 la proximit\u00e9, il y a ouvert quelques nouvelles autoroutes cette derni\u00e8re ann\u00e9e.<\/p>\n<p>La nouvelle autoroute se trouve maintenant le long du resort pour que vous ne deviez plus prendre des chemins rurals vers votre destination de vacances. Quand vous venez du nord (ce qui arrive le plus souvent), vous pouvez atteindre le resort \u2018exempt de p\u00e9age\u2019 \u00e0 partir d&rsquo;Alicante via l&rsquo;autoroute. Vous trouvez la route de l\u2019a\u00e9roport Alicante.<\/p>\n<p>Vous quittez l\u2019a\u00e9roport Alicante,<br \/>\nVous suivez les panneaux de Murcia.<br \/>\nVous faites cela par suivre les num\u00e9ros de la route A7 (E-15) vers Murcia.<br \/>\nApr\u00e8s 3 quart d\u2019heures environ vous arrivez \u00e0 Murcia par cette route.<\/p>\n<p>Faites attention ici!!<\/p>\n<p>La route se s\u00e9pare ici en deux ; vous continuez le droit vers Almeria\/Granada.<br \/>\nVous continuez \u00e0 suivre la route.<br \/>\nApr\u00e8s quelques temps, vous trouvez le rabais Bahia de Mazarron. Vous prenez pas cette sortie.<br \/>\nVous continuez jusqu\u2019\u00e0 la sortie Totana\/Mazarron<br \/>\nChez cette sortie, vous prenez la direction de Mazarron.<br \/>\nVous arrivez encore \u00e0 une autoroute qui vous dirige le long du resort apr\u00e8s 10 minutes.<br \/>\nIci, vous prenez la sortie &lsquo;Country Club&rsquo;.<br \/>\nVous prenez l\u2019autoroute et puis le rond-point tout droit en vous conduisez quelques centaines m\u00e8tres le long de la route en direction contraire sur la contre-all\u00e9e.<br \/>\nAutomatiquement, vous voyez l\u2019acc\u00e8s du resort \u00e0 droite.<\/p>\n<p>\u00c0 l\u2019aide du plan du resort, que vous recevez apr\u00e8s votre r\u00e9servation, vous pouvez chercher votre habitation de vacances!<\/p>\n<p>Les compagnies a\u00e9riennes vous donnent la possibilit\u00e9 \u00e0 r\u00e9server des billets pour voler sur Alicante;<br \/>\n<a href=\"http:\/\/www.transavia.com\" target=\"_blank\" rel=\"noopener\">Transavia<\/a> , <a href=\"http:\/\/www.vueling.com\/\" target=\"_blank\" rel=\"noopener\">Vueling<\/a> et <a href=\"http:\/\/www.ryanair.com\/\" target=\"_blank\" rel=\"noopener\">Ryan Air<br \/>\n<\/a>Air Berlin vole aussi \u00e0 Alicante ; cependant, ce ne sont pas des vols directs.<\/p>\n<p><a href=\"https:\/\/partner.sunnycars.nl\/ak\/2525487\/\" target=\"_blank\" rel=\"noopener\">Les loueurs des voitures<\/a>.<\/p>\n<\/div><\/section><\/p><\/div>\n","protected":false},"excerpt":{"rendered":"","protected":false},"author":1,"featured_media":0,"parent":1822,"menu_order":0,"comment_status":"closed","ping_status":"closed","template":"","meta":{"footnotes":""},"class_list":["post-1886","page","type-page","status-publish","hentry"],"_links":{"self":[{"href":"https:\/\/villamazarron.nl\/fr\/wp-json\/wp\/v2\/pages\/1886","targetHints":{"allow":["GET"]}}],"collection":[{"href":"https:\/\/villamazarron.nl\/fr\/wp-json\/wp\/v2\/pages"}],"about":[{"href":"https:\/\/villamazarron.nl\/fr\/wp-json\/wp\/v2\/types\/page"}],"author":[{"embeddable":true,"href":"https:\/\/villamazarron.nl\/fr\/wp-json\/wp\/v2\/users\/1"}],"replies":[{"embeddable":true,"href":"https:\/\/villamazarron.nl\/fr\/wp-json\/wp\/v2\/comments?post=1886"}],"version-history":[{"count":5,"href":"https:\/\/villamazarron.nl\/fr\/wp-json\/wp\/v2\/pages\/1886\/revisions"}],"predecessor-version":[{"id":5609,"href":"https:\/\/villamazarron.nl\/fr\/wp-json\/wp\/v2\/pages\/1886\/revisions\/5609"}],"up":[{"embeddable":true,"href":"https:\/\/villamazarron.nl\/fr\/wp-json\/wp\/v2\/pages\/1822"}],"wp:attachment":[{"href":"https:\/\/villamazarron.nl\/fr\/wp-json\/wp\/v2\/media?parent=1886"}],"curies":[{"name":"wp","href":"https:\/\/api.w.org\/{rel}","templated":true}]}}