{"id":2236,"date":"2021-01-22T15:25:47","date_gmt":"2021-01-22T14:25:47","guid":{"rendered":"https:\/\/mazarron.websiteagency.nl\/luxe\/"},"modified":"2025-04-16T14:08:47","modified_gmt":"2025-04-16T12:08:47","slug":"de-lujo","status":"publish","type":"page","link":"https:\/\/villamazarron.nl\/es\/costa-calida\/de-lujo\/","title":{"rendered":"De lujo"},"content":{"rendered":"<div id='full_slider_1'  class='avia-fullwidth-slider main_color avia-shadow   avia-builder-el-0  el_before_av_one_full  avia-builder-el-first   container_wrap fullsize'  ><div  class='avia-slideshow av-m476rgm9-0fc0a2798e0534f92d0a9f76e72a1a07 avia-slideshow-extra_large av_slideshow_full avia-slide-slider av-slideshow-ui av-control-default av-slideshow-manual av-loop-once av-loop-manual-endless av-default-height-applied  image_no_stretch avia-slideshow-1' data-slideshow-options=\"{&quot;animation&quot;:&quot;slide&quot;,&quot;autoplay&quot;:false,&quot;loop_autoplay&quot;:&quot;once&quot;,&quot;interval&quot;:5,&quot;loop_manual&quot;:&quot;manual-endless&quot;,&quot;autoplay_stopper&quot;:false,&quot;noNavigation&quot;:false,&quot;bg_slider&quot;:false,&quot;keep_padding&quot;:false,&quot;hoverpause&quot;:false,&quot;show_slide_delay&quot;:0}\"  itemprop=\"image\" itemscope=\"itemscope\" itemtype=\"https:\/\/schema.org\/ImageObject\" ><ul class='avia-slideshow-inner ' style='padding-bottom: 50%;'><li  class='avia-slideshow-slide av-m476rgm9-0fc0a2798e0534f92d0a9f76e72a1a07__0  av-single-slide slide-1 slide-odd'><div data-rel='slideshow-1' class='avia-slide-wrap '   ><img decoding=\"async\" fetchpriority=\"high\" class=\"wp-image-4921 avia-img-lazy-loading-not-4921\"  src=\"https:\/\/villamazarron.nl\/wp-content\/uploads\/2024\/12\/IMG_1564-1500x750.jpg\" width=\"1500\" height=\"750\" title='IMG_1564' alt=''  itemprop=\"thumbnailUrl\" srcset=\"https:\/\/villamazarron.nl\/wp-content\/uploads\/2024\/12\/IMG_1564-1500x750.jpg 1500w, https:\/\/villamazarron.nl\/wp-content\/uploads\/2024\/12\/IMG_1564-300x150.jpg 300w, https:\/\/villamazarron.nl\/wp-content\/uploads\/2024\/12\/IMG_1564-1030x515.jpg 1030w, https:\/\/villamazarron.nl\/wp-content\/uploads\/2024\/12\/IMG_1564-768x384.jpg 768w, https:\/\/villamazarron.nl\/wp-content\/uploads\/2024\/12\/IMG_1564-1536x768.jpg 1536w, https:\/\/villamazarron.nl\/wp-content\/uploads\/2024\/12\/IMG_1564-705x353.jpg 705w, https:\/\/villamazarron.nl\/wp-content\/uploads\/2024\/12\/IMG_1564.jpg 1920w\" sizes=\"(max-width: 1500px) 100vw, 1500px\" \/><\/div><\/li><\/ul><\/div><\/div><div id='after_full_slider_1'  class='main_color av_default_container_wrap container_wrap fullsize'  ><div class='container av-section-cont-open' ><div class='template-page content  av-content-full alpha units'><div class='post-entry post-entry-type-page post-entry-2236'><div class='entry-content-wrapper clearfix'>\n\n<style type=\"text\/css\" data-created_by=\"avia_inline_auto\" id=\"style-css-av-b6e7k-70206a5c1ba8fea227998ba6e1e4287a\">\n.flex_column.av-b6e7k-70206a5c1ba8fea227998ba6e1e4287a{\nborder-radius:0px 0px 0px 0px;\npadding:0px 0px 0px 0px;\n}\n<\/style>\n<div  class='flex_column av-b6e7k-70206a5c1ba8fea227998ba6e1e4287a av_one_full  avia-builder-el-1  el_after_av_slideshow_full  avia-builder-el-no-sibling  first flex_column_div av-zero-column-padding  '     ><p>\n<style type=\"text\/css\" data-created_by=\"avia_inline_auto\" id=\"style-css-av-ku46rsjw-9f1ed3c7916ebd5a3e8f6ea047d83af3\">\n#top .av-special-heading.av-ku46rsjw-9f1ed3c7916ebd5a3e8f6ea047d83af3{\npadding-bottom:10px;\n}\nbody .av-special-heading.av-ku46rsjw-9f1ed3c7916ebd5a3e8f6ea047d83af3 .av-special-heading-tag .heading-char{\nfont-size:25px;\n}\n.av-special-heading.av-ku46rsjw-9f1ed3c7916ebd5a3e8f6ea047d83af3 .av-subheading{\nfont-size:15px;\n}\n<\/style>\n<div  class='av-special-heading av-ku46rsjw-9f1ed3c7916ebd5a3e8f6ea047d83af3 av-special-heading-h1 blockquote modern-quote modern-centered  avia-builder-el-2  el_before_av_textblock  avia-builder-el-first '><h1 class='av-special-heading-tag '  itemprop=\"headline\"  >De lujo<\/h1><div class=\"special-heading-border\"><div class=\"special-heading-inner-border\"><\/div><\/div><\/div><br \/>\n<section  class='av_textblock_section av-kqwfvb1f-0a47b000ecfa8a54e90279c4d1640306 '   itemscope=\"itemscope\" itemtype=\"https:\/\/schema.org\/CreativeWork\" ><div class='avia_textblock'  itemprop=\"text\" ><div class=\"entry-content\">\n<p>Cuando reserva con Villamazarron, tiene la garant\u00eda de un \u00ablujo\u00bb confiable y una excelente orientaci\u00f3n. Villamazarron est\u00e1 a su servicio desde la reserva hasta el regreso a casa. Villamazarron sabe lo que valen tus vacaciones y har\u00e1 todo lo posible para hacerte feliz.<\/p>\n<h2>El lujo tambi\u00e9n es el nivel de las propiedades que alquilamos.<\/h2>\n<p>\u00bfQu\u00e9 puedes esperar?<\/p>\n<p>Propiedad muy limpia a la llegada; todo ha sido revisado<br \/>\nBien mantenido en todos los frentes. Interior de alta calidad. Hermosos jardines mediterr\u00e1neos con hermosas plantas que el jardinero mantiene semanalmente.<br \/>\nCuando reservas una villa con piscina; Esto se mantiene muy limpio y probado dos veces por semana. En verano, incluso 3 veces por semana, limpieza y control.<br \/>\nLos efectos del hogar ser\u00e1n reemplazados a tiempo; Esto est\u00e1 en excelentes condiciones y de alta calidad.<br \/>\nNo ocurren fallas de agua y electricidad, lo que a veces es diferente en Espa\u00f1a.<\/p>\n<p><img decoding=\"async\" class=\"aligncenter size-large wp-image-5198\" src=\"https:\/\/villamazarron.nl\/wp-content\/uploads\/2025\/02\/Luxe-2-Villamazarron-1030x773.jpeg\" alt=\"\" width=\"1030\" height=\"773\" srcset=\"https:\/\/villamazarron.nl\/wp-content\/uploads\/2025\/02\/Luxe-2-Villamazarron-1030x773.jpeg 1030w, https:\/\/villamazarron.nl\/wp-content\/uploads\/2025\/02\/Luxe-2-Villamazarron-300x225.jpeg 300w, https:\/\/villamazarron.nl\/wp-content\/uploads\/2025\/02\/Luxe-2-Villamazarron-768x576.jpeg 768w, https:\/\/villamazarron.nl\/wp-content\/uploads\/2025\/02\/Luxe-2-Villamazarron-1536x1152.jpeg 1536w, https:\/\/villamazarron.nl\/wp-content\/uploads\/2025\/02\/Luxe-2-Villamazarron-1500x1125.jpeg 1500w, https:\/\/villamazarron.nl\/wp-content\/uploads\/2025\/02\/Luxe-2-Villamazarron-705x529.jpeg 705w, https:\/\/villamazarron.nl\/wp-content\/uploads\/2025\/02\/Luxe-2-Villamazarron.jpeg 1920w\" sizes=\"(max-width: 1030px) 100vw, 1030px\" \/><\/p>\n<h2>Tambi\u00e9n tienes una sensaci\u00f3n de \u00ablujo\u00bb \u2026\u2026<\/h2>\n<p>Esta t\u00edpica regi\u00f3n espa\u00f1ola donde la vida no es demasiado cara.<br \/>\nEl hermoso resort o la ubicaci\u00f3n de la playa donde est\u00e1n nuestras casas.<br \/>\nEl \u00e1rea alrededor del resort; tranquilidad, espacio, maravillosos aromas herbales en las monta\u00f1as. Si tienes ojo para ello; \u00a1La flora y fauna m\u00e1s bella!<br \/>\nNo hay turismo masivo alrededor de su casa \u2026\u2026\u2026<br \/>\nEl hermoso tramo de costa de la Costa C\u00e1lida con bah\u00edas, playas, rocas, pueblos y maravillosos restaurantes con un excelente mapa y precios justos. Todo esto a menos de 10 minutos de tu casa.<br \/>\nDisfrute comprando, comiendo o tomando una copa en ciudades como Murcia, Cartagena o Lorca. \u00a1Te sorprender\u00e1s! Todo esto dentro de media hora en coche.<br \/>\nUn poco m\u00e1s lejos (Granada) incluso la posibilidad de esquiar en invierno. O una visita a la \u00abAlhambra\u00bb<br \/>\nVillamazarron te da una c\u00e1lida bienvenida. \u00a1Mira nuestras rese\u00f1as y pru\u00e9balo! No te arrepentir\u00e1s del mejor clima de Europa y del aire m\u00e1s puro de Europa.<\/p>\n<p>\u00bfEst\u00e1s buscando una propiedad con lujo?<br \/>\nEntonces mira <a href=\"https:\/\/www.villamazarron.nl\/es\/villas\/casa-maravilla\/\">AQU\u00cd<\/a> Casa Maravilla<\/p>\n<\/div>\n<\/div><\/section><\/p><\/div>\n","protected":false},"excerpt":{"rendered":"","protected":false},"author":1,"featured_media":0,"parent":1824,"menu_order":0,"comment_status":"closed","ping_status":"closed","template":"","meta":{"footnotes":""},"class_list":["post-2236","page","type-page","status-publish","hentry"],"_links":{"self":[{"href":"https:\/\/villamazarron.nl\/es\/wp-json\/wp\/v2\/pages\/2236","targetHints":{"allow":["GET"]}}],"collection":[{"href":"https:\/\/villamazarron.nl\/es\/wp-json\/wp\/v2\/pages"}],"about":[{"href":"https:\/\/villamazarron.nl\/es\/wp-json\/wp\/v2\/types\/page"}],"author":[{"embeddable":true,"href":"https:\/\/villamazarron.nl\/es\/wp-json\/wp\/v2\/users\/1"}],"replies":[{"embeddable":true,"href":"https:\/\/villamazarron.nl\/es\/wp-json\/wp\/v2\/comments?post=2236"}],"version-history":[{"count":4,"href":"https:\/\/villamazarron.nl\/es\/wp-json\/wp\/v2\/pages\/2236\/revisions"}],"predecessor-version":[{"id":5605,"href":"https:\/\/villamazarron.nl\/es\/wp-json\/wp\/v2\/pages\/2236\/revisions\/5605"}],"up":[{"embeddable":true,"href":"https:\/\/villamazarron.nl\/es\/wp-json\/wp\/v2\/pages\/1824"}],"wp:attachment":[{"href":"https:\/\/villamazarron.nl\/es\/wp-json\/wp\/v2\/media?parent=2236"}],"curies":[{"name":"wp","href":"https:\/\/api.w.org\/{rel}","templated":true}]}}