{"id":2214,"date":"2021-01-22T15:25:36","date_gmt":"2021-01-22T14:25:36","guid":{"rendered":"https:\/\/mazarron.websiteagency.nl\/overwinteren\/"},"modified":"2025-04-16T14:16:53","modified_gmt":"2025-04-16T12:16:53","slug":"durante-el-invierno","status":"publish","type":"page","link":"https:\/\/villamazarron.nl\/es\/costa-calida\/durante-el-invierno\/","title":{"rendered":"Durante el invierno"},"content":{"rendered":"<div id='full_slider_1'  class='avia-fullwidth-slider main_color avia-shadow   avia-builder-el-0  el_before_av_one_full  avia-builder-el-first   container_wrap fullsize'  ><div  class='avia-slideshow av-m476kgaf-11355419521b9ee84a5e02e7c7c3ea23 avia-slideshow-extra_large av_slideshow_full avia-slide-slider av-slideshow-ui av-control-default av-slideshow-manual av-loop-once av-loop-manual-endless av-default-height-applied  image_no_stretch avia-slideshow-1' data-slideshow-options=\"{&quot;animation&quot;:&quot;slide&quot;,&quot;autoplay&quot;:false,&quot;loop_autoplay&quot;:&quot;once&quot;,&quot;interval&quot;:5,&quot;loop_manual&quot;:&quot;manual-endless&quot;,&quot;autoplay_stopper&quot;:false,&quot;noNavigation&quot;:false,&quot;bg_slider&quot;:false,&quot;keep_padding&quot;:false,&quot;hoverpause&quot;:false,&quot;show_slide_delay&quot;:0}\"  itemprop=\"image\" itemscope=\"itemscope\" itemtype=\"https:\/\/schema.org\/ImageObject\" ><ul class='avia-slideshow-inner ' style='padding-bottom: 50%;'><li  class='avia-slideshow-slide av-m476kgaf-11355419521b9ee84a5e02e7c7c3ea23__0  av-single-slide slide-1 slide-odd'><div data-rel='slideshow-1' class='avia-slide-wrap '   ><img decoding=\"async\" fetchpriority=\"high\" class=\"wp-image-4951 avia-img-lazy-loading-not-4951\"  src=\"https:\/\/villamazarron.nl\/wp-content\/uploads\/2024\/12\/IMG_5054-1500x750.jpg\" width=\"1500\" height=\"750\" title='IMG_5054' alt=''  itemprop=\"thumbnailUrl\" srcset=\"https:\/\/villamazarron.nl\/wp-content\/uploads\/2024\/12\/IMG_5054-1500x750.jpg 1500w, https:\/\/villamazarron.nl\/wp-content\/uploads\/2024\/12\/IMG_5054-300x150.jpg 300w, https:\/\/villamazarron.nl\/wp-content\/uploads\/2024\/12\/IMG_5054-1030x515.jpg 1030w, https:\/\/villamazarron.nl\/wp-content\/uploads\/2024\/12\/IMG_5054-768x384.jpg 768w, https:\/\/villamazarron.nl\/wp-content\/uploads\/2024\/12\/IMG_5054-1536x768.jpg 1536w, https:\/\/villamazarron.nl\/wp-content\/uploads\/2024\/12\/IMG_5054-705x353.jpg 705w, https:\/\/villamazarron.nl\/wp-content\/uploads\/2024\/12\/IMG_5054.jpg 1920w\" sizes=\"(max-width: 1500px) 100vw, 1500px\" \/><\/div><\/li><\/ul><\/div><\/div><div id='after_full_slider_1'  class='main_color av_default_container_wrap container_wrap fullsize'  ><div class='container av-section-cont-open' ><div class='template-page content  av-content-full alpha units'><div class='post-entry post-entry-type-page post-entry-2214'><div class='entry-content-wrapper clearfix'>\n\n<style type=\"text\/css\" data-created_by=\"avia_inline_auto\" id=\"style-css-av-85jzy-46ce16de4f3de9ab656424ac1339d207\">\n.flex_column.av-85jzy-46ce16de4f3de9ab656424ac1339d207{\nborder-radius:0px 0px 0px 0px;\npadding:0px 0px 0px 0px;\n}\n<\/style>\n<div  class='flex_column av-85jzy-46ce16de4f3de9ab656424ac1339d207 av_one_full  avia-builder-el-1  el_after_av_slideshow_full  el_before_av_one_fifth  avia-builder-el-first  first flex_column_div av-zero-column-padding  '     ><p>\n<style type=\"text\/css\" data-created_by=\"avia_inline_auto\" id=\"style-css-av-av_heading-6e35011a1dd1e6ab6bff71d0a33fa1bb\">\n#top .av-special-heading.av-av_heading-6e35011a1dd1e6ab6bff71d0a33fa1bb{\npadding-bottom:10px;\n}\nbody .av-special-heading.av-av_heading-6e35011a1dd1e6ab6bff71d0a33fa1bb .av-special-heading-tag .heading-char{\nfont-size:25px;\n}\n.av-special-heading.av-av_heading-6e35011a1dd1e6ab6bff71d0a33fa1bb .av-subheading{\nfont-size:15px;\n}\n<\/style>\n<div  class='av-special-heading av-av_heading-6e35011a1dd1e6ab6bff71d0a33fa1bb av-special-heading-h1 blockquote modern-quote modern-centered  avia-builder-el-2  el_before_av_textblock  avia-builder-el-first '><h1 class='av-special-heading-tag '  itemprop=\"headline\"  >Durante el invierno<\/h1><div class=\"special-heading-border\"><div class=\"special-heading-inner-border\"><\/div><\/div><\/div><br \/>\n<section  class='av_textblock_section av-l6bxyoxj-358b7613728ba3ec68369616dc4cc58d '   itemscope=\"itemscope\" itemtype=\"https:\/\/schema.org\/CreativeWork\" ><div class='avia_textblock'  itemprop=\"text\" ><p style=\"text-align: center;\"><em>\u00bfAlguna vez has experimentado un invierno con casi todos los d\u00edas de sol?<\/em><br \/>\nVen y experimenta la hospitalidad de Villamazarron.<\/p>\n<\/div><\/section><\/p><\/div>\n\n<style type=\"text\/css\" data-created_by=\"avia_inline_auto\" id=\"style-css-av-av_one_fifth-79ff81c021393065cee878051452f6a6\">\n.flex_column.av-av_one_fifth-79ff81c021393065cee878051452f6a6{\nborder-radius:0px 0px 0px 0px;\npadding:0px 0px 0px 0px;\n}\n<\/style>\n<div  class='flex_column av-av_one_fifth-79ff81c021393065cee878051452f6a6 av_one_fifth  avia-builder-el-4  el_after_av_one_full  el_before_av_three_fifth  first flex_column_div av-zero-column-padding  column-top-margin'     ><\/div>\n\n<style type=\"text\/css\" data-created_by=\"avia_inline_auto\" id=\"style-css-av-av_three_fifth-49f6e875884219cf77c24341e550af53\">\n.flex_column.av-av_three_fifth-49f6e875884219cf77c24341e550af53{\nborder-radius:0px 0px 0px 0px;\npadding:0px 0px 0px 0px;\n}\n<\/style>\n<div  class='flex_column av-av_three_fifth-49f6e875884219cf77c24341e550af53 av_three_fifth  avia-builder-el-5  el_after_av_one_fifth  el_before_av_one_fifth  flex_column_div av-zero-column-padding  column-top-margin'     ><style type=\"text\/css\" data-created_by=\"avia_inline_auto\" id=\"style-css-av-l6bxz53y-6d37c509c59e6e997453379e17383d94\">\n.avia-video.av-l6bxz53y-6d37c509c59e6e997453379e17383d94{\nbackground-image:url(https:\/\/villamazarron.nl\/wp-content\/uploads\/2022\/08\/Villamazarron-Eropuit.jpg);\n}\n<\/style>\n<div  class='avia-video av-l6bxz53y-6d37c509c59e6e997453379e17383d94 avia-video-16-9 av-preview-image avia-video-lightbox av-lazyload-video-embed avia-video-standard-html'  itemprop=\"video\" itemtype=\"https:\/\/schema.org\/VideoObject\"  data-original_url='https:\/\/villamazarron.nl\/wp-content\/uploads\/2022\/08\/Villamazarron-Eropuit.mp4'><script type='text\/html' class='av-video-tmpl'><a href='https:\/\/villamazarron.nl\/wp-content\/uploads\/2022\/08\/Villamazarron-Eropuit.mp4' rel='lightbox' class='mfp-iframe lightbox-link' data-custom_class='avia-mfp-is-video avia-mfp-video-16-9  '><\/a><\/script><div class=\"av-click-to-play-overlay play-lightbox\"><div class=\"avia_playpause_icon\"><\/div><\/div><\/div><\/div>\n\n<style type=\"text\/css\" data-created_by=\"avia_inline_auto\" id=\"style-css-av-av_one_fifth-49f6e875884219cf77c24341e550af53\">\n.flex_column.av-av_one_fifth-49f6e875884219cf77c24341e550af53{\nborder-radius:0px 0px 0px 0px;\npadding:0px 0px 0px 0px;\n}\n<\/style>\n<div  class='flex_column av-av_one_fifth-49f6e875884219cf77c24341e550af53 av_one_fifth  avia-builder-el-7  el_after_av_three_fifth  el_before_av_one_full  flex_column_div av-zero-column-padding  column-top-margin'     ><\/div>\n\n<style type=\"text\/css\" data-created_by=\"avia_inline_auto\" id=\"style-css-av-av_one_full-79ff81c021393065cee878051452f6a6\">\n.flex_column.av-av_one_full-79ff81c021393065cee878051452f6a6{\nborder-radius:0px 0px 0px 0px;\npadding:0px 0px 0px 0px;\n}\n<\/style>\n<div  class='flex_column av-av_one_full-79ff81c021393065cee878051452f6a6 av_one_full  avia-builder-el-8  el_after_av_one_fifth  avia-builder-el-last  first flex_column_div av-zero-column-padding  column-top-margin'     ><section  class='av_textblock_section av-kqwg4xys-1ce6a2c787f25082b57558a297861518 '   itemscope=\"itemscope\" itemtype=\"https:\/\/schema.org\/CreativeWork\" ><div class='avia_textblock'  itemprop=\"text\" ><div class=\"entry-content\">Pasar el invierno en la Costa C\u00e1lida realmente tiene muchas ventajas;<\/div>\n<div><\/div>\n<div class=\"entry-content\">El clima m\u00e1s soleado en invierno en todo el sur de Europa.<br \/>\nEl aire m\u00e1s saludable del sur de Europa se ha demostrado en esta regi\u00f3n de la Costa C\u00e1lida.<br \/>\nLa vida barata en la Costa C\u00e1lida; la invernada es m\u00e1s barata de lo que cabr\u00eda esperar. \u00a1Toma el examen!<br \/>\nLos amables y siempre serviciales residentes de la Costa C\u00e1lida.Excelente asistencia sanitaria en la zona.<\/div>\n<div class=\"entry-content\">\n<p>Siempre servicio en el resort de Casa\u00f1a. Casa\u00f1a tiene empleados que hablan todos los idiomas. Nosotros o Casa\u00f1a le daremos la bienvenida, nos despediremos a la salida y, mientras tanto, siempre estamos disponibles si tiene un problema que necesita ser resuelto.<br \/>\nToda la recreaci\u00f3n que desee se puede encontrar en esta regi\u00f3n; hermosa naturaleza, cultura, instalaciones deportivas en el sentido m\u00e1s amplio de la palabra, excelente cocina, fant\u00e1sticas tiendas, en resumen, demasiados para mencionar. Antes de que te des cuenta, el \u00abinvierno\u00bb ha terminado y regresar\u00e1s al norte de Europa en forma bronceada, donde la primavera comenzar\u00e1 nuevamente. Durante su estad\u00eda simplemente \u00abcamine\u00bb en la nieve; La \u00abSierra Nevada\u00bb es f\u00e1cil de conducir en coche.<\/p>\n<p>Todo esto por un precio que te sorprender\u00e1. Comparado con la calidad que le ofrecemos es para una \u00abganga\u00bb de invernada en Espa\u00f1a. P\u00eddanos una cotizaci\u00f3n adecuada y convi\u00e9rtase en nuestro invitado. De noviembre a marzo ofrecemos excelentes precios.<br \/>\nVillamazarron es flexible; su precio depende del n\u00famero de personas y la duraci\u00f3n que desea reservar. \u00abCuanto m\u00e1s tiempo venga, m\u00e1s barato se quedar\u00e1\u00bb Pregunte si podemos hacerle una oferta. En Villamazarron puede alquilar incluyendo todos los costos (ya sabe d\u00f3nde se encuentra) o excluyendo todos los costos (el gas, la electricidad y el agua se calculan de acuerdo con su uso real). Como desees \u2026\u2026..<\/p>\n<p>Esperamos darle la bienvenida como nuestro invitado. Con una selecci\u00f3n de 6 propiedades, siempre hay una propiedad adecuada para usted. En los \u00faltimos a\u00f1os hemos aprendido que muchos hu\u00e9spedes satisfechos te han precedido. Y \u2026\u2026\u2026 no quieres pasar el invierno en el resort; Mire la Casa Anavicente EN la playa en el pueblo puro espa\u00f1ol de Puntas de Calnegre. \u00a1No puede ser m\u00e1s espa\u00f1ol!<\/p>\n<p>Bienvenido a Villamazarron.<\/p>\n<h2>\u00a1Pregunta por nuestras tarifas especiales de invierno!<\/h2>\n<\/div>\n<\/div><\/section><\/div>\n","protected":false},"excerpt":{"rendered":"","protected":false},"author":1,"featured_media":0,"parent":1824,"menu_order":0,"comment_status":"closed","ping_status":"closed","template":"","meta":{"footnotes":""},"class_list":["post-2214","page","type-page","status-publish","hentry"],"_links":{"self":[{"href":"https:\/\/villamazarron.nl\/es\/wp-json\/wp\/v2\/pages\/2214","targetHints":{"allow":["GET"]}}],"collection":[{"href":"https:\/\/villamazarron.nl\/es\/wp-json\/wp\/v2\/pages"}],"about":[{"href":"https:\/\/villamazarron.nl\/es\/wp-json\/wp\/v2\/types\/page"}],"author":[{"embeddable":true,"href":"https:\/\/villamazarron.nl\/es\/wp-json\/wp\/v2\/users\/1"}],"replies":[{"embeddable":true,"href":"https:\/\/villamazarron.nl\/es\/wp-json\/wp\/v2\/comments?post=2214"}],"version-history":[{"count":5,"href":"https:\/\/villamazarron.nl\/es\/wp-json\/wp\/v2\/pages\/2214\/revisions"}],"predecessor-version":[{"id":5616,"href":"https:\/\/villamazarron.nl\/es\/wp-json\/wp\/v2\/pages\/2214\/revisions\/5616"}],"up":[{"embeddable":true,"href":"https:\/\/villamazarron.nl\/es\/wp-json\/wp\/v2\/pages\/1824"}],"wp:attachment":[{"href":"https:\/\/villamazarron.nl\/es\/wp-json\/wp\/v2\/media?parent=2214"}],"curies":[{"name":"wp","href":"https:\/\/api.w.org\/{rel}","templated":true}]}}