{"id":2178,"date":"2021-01-22T15:25:15","date_gmt":"2021-01-22T14:25:15","guid":{"rendered":"https:\/\/mazarron.websiteagency.nl\/nature\/"},"modified":"2025-04-16T13:56:06","modified_gmt":"2025-04-16T11:56:06","slug":"la-naturaleza","status":"publish","type":"page","link":"https:\/\/villamazarron.nl\/es\/costa-calida\/la-naturaleza\/","title":{"rendered":"La naturaleza"},"content":{"rendered":"<div id='full_slider_1'  class='avia-fullwidth-slider main_color avia-shadow   avia-builder-el-0  el_before_av_one_full  avia-builder-el-first   container_wrap fullsize'  ><div  class='avia-slideshow av-m476dopd-ed511348499fcba404712d3a8b015458 avia-slideshow-featured_large av_slideshow_full avia-slide-slider av-slideshow-ui av-control-default av-slideshow-manual av-loop-once av-loop-manual-endless av-default-height-applied  image_no_stretch avia-slideshow-1' data-slideshow-options=\"{&quot;animation&quot;:&quot;slide&quot;,&quot;autoplay&quot;:false,&quot;loop_autoplay&quot;:&quot;once&quot;,&quot;interval&quot;:5,&quot;loop_manual&quot;:&quot;manual-endless&quot;,&quot;autoplay_stopper&quot;:false,&quot;noNavigation&quot;:false,&quot;bg_slider&quot;:false,&quot;keep_padding&quot;:false,&quot;hoverpause&quot;:false,&quot;show_slide_delay&quot;:0}\"  itemprop=\"image\" itemscope=\"itemscope\" itemtype=\"https:\/\/schema.org\/ImageObject\" ><ul class='avia-slideshow-inner ' style='padding-bottom: 42%;'><li  class='avia-slideshow-slide av-m476dopd-ed511348499fcba404712d3a8b015458__0  av-single-slide slide-1 slide-odd'><div data-rel='slideshow-1' class='avia-slide-wrap '   ><img decoding=\"async\" fetchpriority=\"high\" class=\"wp-image-5183 avia-img-lazy-loading-not-5183\"  src=\"https:\/\/villamazarron.nl\/wp-content\/uploads\/2025\/02\/Natuur-villamazarron-1500x630.jpg\" width=\"1500\" height=\"630\" title='Natuur - villamazarron' alt=''  itemprop=\"thumbnailUrl\"   \/><\/div><\/li><\/ul><\/div><\/div><div id='after_full_slider_1'  class='main_color av_default_container_wrap container_wrap fullsize'  ><div class='container av-section-cont-open' ><div class='template-page content  av-content-full alpha units'><div class='post-entry post-entry-type-page post-entry-2178'><div class='entry-content-wrapper clearfix'>\n<div  class='flex_column av-av_one_full-4236371e50272b4ec399280bbf76d6bf av_one_full  avia-builder-el-1  el_after_av_slideshow_full  el_before_av_one_half  avia-builder-el-first  first flex_column_div  '     ><p>\n<style type=\"text\/css\" data-created_by=\"avia_inline_auto\" id=\"style-css-av-av_heading-c6ab1ce1f0a400ad42b4d52e80356555\">\n#top .av-special-heading.av-av_heading-c6ab1ce1f0a400ad42b4d52e80356555{\npadding-bottom:10px;\n}\nbody .av-special-heading.av-av_heading-c6ab1ce1f0a400ad42b4d52e80356555 .av-special-heading-tag .heading-char{\nfont-size:25px;\n}\n.av-special-heading.av-av_heading-c6ab1ce1f0a400ad42b4d52e80356555 .av-subheading{\nfont-size:15px;\n}\n<\/style>\n<div  class='av-special-heading av-av_heading-c6ab1ce1f0a400ad42b4d52e80356555 av-special-heading-h1 blockquote modern-quote modern-centered  avia-builder-el-2  el_before_av_textblock  avia-builder-el-first '><h1 class='av-special-heading-tag '  itemprop=\"headline\"  >La naturaleza<\/h1><div class=\"special-heading-border\"><div class=\"special-heading-inner-border\"><\/div><\/div><\/div><br \/>\n<section  class='av_textblock_section av-m91e07en-5b18feb489f21de2bf3a02f137711b35 '   itemscope=\"itemscope\" itemtype=\"https:\/\/schema.org\/CreativeWork\" ><div class='avia_textblock'  itemprop=\"text\" ><p>Nos damos cuenta que todo el mundo piensa de sol, playa \u2026\u2026..y el mar, cuando reservan con Villamazarron.<br \/>\nSi usted es un invitado de Villamazarron en uno de nuestros apartamentos o casas, se encuentra que esta regi\u00f3n tiene mucho m\u00e1s de ofrecer de lo que esperan.<\/p>\n<p>Esto se aplica tanto en la casita de playa en Puntas de Calnegre como las viviendas en el Mazarr\u00f3n Country Club.<br \/>\nLa Costa C\u00e1lida es de verdad una gran reserva natural que tiene tambi\u00e9n una parte muy protegida.<br \/>\nSierra Espu\u00f1a es un fant\u00e1stico ejemplo de una de la m\u00e1s bella naturaleza desierto y tan virgen. Aqu\u00ed se encuentran las plantas m\u00e1s raras y los animales salvajes.<\/p>\n<\/div><\/section><\/p><\/div><div class='flex_column_table av-m91e0rnw-9c2b4597bc58e023a4bb19a93887989b sc-av_one_half av-equal-height-column-flextable'><div  class='flex_column av-m91e0rnw-9c2b4597bc58e023a4bb19a93887989b av_one_half  avia-builder-el-4  el_after_av_one_full  el_before_av_one_half  first flex_column_table_cell av-equal-height-column av-align-middle  column-top-margin'     ><style type=\"text\/css\" data-created_by=\"avia_inline_auto\" id=\"style-css-av-m91e173s-81dc49e7a61f82b4c247f9d7d43dbf38\">\n.avia-image-container.av-m91e173s-81dc49e7a61f82b4c247f9d7d43dbf38 img.avia_image{\nbox-shadow:none;\n}\n.avia-image-container.av-m91e173s-81dc49e7a61f82b4c247f9d7d43dbf38 .av-image-caption-overlay-center{\ncolor:#ffffff;\n}\n<\/style>\n<div  class='avia-image-container av-m91e173s-81dc49e7a61f82b4c247f9d7d43dbf38 av-styling- avia-align-center  avia-builder-el-5  avia-builder-el-no-sibling '   itemprop=\"image\" itemscope=\"itemscope\" itemtype=\"https:\/\/schema.org\/ImageObject\" ><div class=\"avia-image-container-inner\"><div class=\"avia-image-overlay-wrap\"><img decoding=\"async\" fetchpriority=\"high\" class='wp-image-2332 avia-img-lazy-loading-not-2332 avia_image ' src=\"https:\/\/villamazarron.nl\/wp-content\/uploads\/2021\/10\/IMG_6017_2.jpg\" alt='' title='IMG_6017_2'  height=\"816\" width=\"612\"  itemprop=\"thumbnailUrl\" srcset=\"https:\/\/villamazarron.nl\/wp-content\/uploads\/2021\/10\/IMG_6017_2.jpg 612w, https:\/\/villamazarron.nl\/wp-content\/uploads\/2021\/10\/IMG_6017_2-225x300.jpg 225w, https:\/\/villamazarron.nl\/wp-content\/uploads\/2021\/10\/IMG_6017_2-529x705.jpg 529w\" sizes=\"(max-width: 612px) 100vw, 612px\" \/><\/div><\/div><\/div><\/div><div class='av-flex-placeholder'><\/div><div  class='flex_column av-av_one_half-d9d4235c4dc5477e29570d3b99e2b500 av_one_half  avia-builder-el-6  el_after_av_one_half  el_before_av_one_half  flex_column_table_cell av-equal-height-column av-align-middle  column-top-margin'     ><section  class='av_textblock_section av-m91e1qb0-8944841fadd0b732e5d75a463d7ad3d9 '   itemscope=\"itemscope\" itemtype=\"https:\/\/schema.org\/CreativeWork\" ><div class='avia_textblock'  itemprop=\"text\" ><p>Tambi\u00e9n puede mirar hacia arriba: Hay muchas especies de grandes aves rapaces en esta regi\u00f3n de Espa\u00f1a. Tambi\u00e9n puede encontrar las plantas m\u00e1s diversas durante su caminata.<\/p>\n<p>Y, usted no tiene que viajar lejos\u2026\u2026\u2026.Tomemos por ejemplo el deterioro del Mazarr\u00f3n Country Club, gire a la derecha y estar\u00e1 en la ciudad de Mazarr\u00f3n. Antes de entrar en la ciudad, puede girar varias veces a la izquierda entrando a uno de los senderos.<\/p>\n<\/div><\/section><\/div><\/div><!--close column table wrapper. Autoclose: 1 --><div class='flex_column_table av-av_one_half-9490b319aeaf93e6cab438075a99b8c9 sc-av_one_half av-equal-height-column-flextable'><div  class='flex_column av-av_one_half-9490b319aeaf93e6cab438075a99b8c9 av_one_half  avia-builder-el-8  el_after_av_one_half  el_before_av_one_half  first flex_column_table_cell av-equal-height-column av-align-middle  column-top-margin'     ><style type=\"text\/css\" data-created_by=\"avia_inline_auto\" id=\"style-css-av-m91e26ki-6c6a9eaa888ff811b995c4318f8780eb\">\n.avia-image-container.av-m91e26ki-6c6a9eaa888ff811b995c4318f8780eb img.avia_image{\nbox-shadow:none;\n}\n.avia-image-container.av-m91e26ki-6c6a9eaa888ff811b995c4318f8780eb .av-image-caption-overlay-center{\ncolor:#ffffff;\n}\n<\/style>\n<div  class='avia-image-container av-m91e26ki-6c6a9eaa888ff811b995c4318f8780eb av-styling- avia-align-center  avia-builder-el-9  avia-builder-el-no-sibling '   itemprop=\"image\" itemscope=\"itemscope\" itemtype=\"https:\/\/schema.org\/ImageObject\" ><div class=\"avia-image-container-inner\"><div class=\"avia-image-overlay-wrap\"><img decoding=\"async\" fetchpriority=\"high\" class='wp-image-2337 avia-img-lazy-loading-not-2337 avia_image ' src=\"https:\/\/villamazarron.nl\/wp-content\/uploads\/2021\/10\/IMG_4431_2.jpg\" alt='' title='IMG_4431_2'  height=\"612\" width=\"816\"  itemprop=\"thumbnailUrl\" srcset=\"https:\/\/villamazarron.nl\/wp-content\/uploads\/2021\/10\/IMG_4431_2.jpg 816w, https:\/\/villamazarron.nl\/wp-content\/uploads\/2021\/10\/IMG_4431_2-300x225.jpg 300w, https:\/\/villamazarron.nl\/wp-content\/uploads\/2021\/10\/IMG_4431_2-768x576.jpg 768w, https:\/\/villamazarron.nl\/wp-content\/uploads\/2021\/10\/IMG_4431_2-705x529.jpg 705w\" sizes=\"(max-width: 816px) 100vw, 816px\" \/><\/div><\/div><\/div><\/div><div class='av-flex-placeholder'><\/div><div  class='flex_column av-av_one_half-d9d4235c4dc5477e29570d3b99e2b500 av_one_half  avia-builder-el-10  el_after_av_one_half  el_before_av_one_half  flex_column_table_cell av-equal-height-column av-align-middle  column-top-margin'     ><section  class='av_textblock_section av-m91e2knr-1d46ef79175c91a44659e83e529ca1c6 '   itemscope=\"itemscope\" itemtype=\"https:\/\/schema.org\/CreativeWork\" ><div class='avia_textblock'  itemprop=\"text\" ><p>Gire a la izquierda por el deterioro del Mazarr\u00f3n Country Club es el senderismo en el pueblo La Pinilla, despu\u00e9s de una media hora. A lo largo del camino hay muchos caminos donde se encontrar\u00e1 a nadie. Realmente un hermoso paisaje. Especialmente en el mes de enero al mes de mayo.<\/p>\n<\/div><\/section><\/div><\/div><!--close column table wrapper. Autoclose: 1 --><div class='flex_column_table av-av_one_half-9490b319aeaf93e6cab438075a99b8c9 sc-av_one_half av-equal-height-column-flextable'><div  class='flex_column av-av_one_half-9490b319aeaf93e6cab438075a99b8c9 av_one_half  avia-builder-el-12  el_after_av_one_half  el_before_av_one_half  first flex_column_table_cell av-equal-height-column av-align-middle  column-top-margin'     ><style type=\"text\/css\" data-created_by=\"avia_inline_auto\" id=\"style-css-av-m91e36aa-6f1e57fb11114f481be018c02197a4c0\">\n.avia-image-container.av-m91e36aa-6f1e57fb11114f481be018c02197a4c0 img.avia_image{\nbox-shadow:none;\n}\n.avia-image-container.av-m91e36aa-6f1e57fb11114f481be018c02197a4c0 .av-image-caption-overlay-center{\ncolor:#ffffff;\n}\n<\/style>\n<div  class='avia-image-container av-m91e36aa-6f1e57fb11114f481be018c02197a4c0 av-styling- avia-align-center  avia-builder-el-13  avia-builder-el-no-sibling '   itemprop=\"image\" itemscope=\"itemscope\" itemtype=\"https:\/\/schema.org\/ImageObject\" ><div class=\"avia-image-container-inner\"><div class=\"avia-image-overlay-wrap\"><img decoding=\"async\" fetchpriority=\"high\" class='wp-image-2342 avia-img-lazy-loading-not-2342 avia_image ' src=\"https:\/\/villamazarron.nl\/wp-content\/uploads\/2021\/10\/IMG_7759_2.jpg\" alt='' title='IMG_7759_2'  height=\"613\" width=\"817\"  itemprop=\"thumbnailUrl\" srcset=\"https:\/\/villamazarron.nl\/wp-content\/uploads\/2021\/10\/IMG_7759_2.jpg 817w, https:\/\/villamazarron.nl\/wp-content\/uploads\/2021\/10\/IMG_7759_2-300x225.jpg 300w, https:\/\/villamazarron.nl\/wp-content\/uploads\/2021\/10\/IMG_7759_2-768x576.jpg 768w, https:\/\/villamazarron.nl\/wp-content\/uploads\/2021\/10\/IMG_7759_2-705x529.jpg 705w\" sizes=\"(max-width: 817px) 100vw, 817px\" \/><\/div><\/div><\/div><\/div><div class='av-flex-placeholder'><\/div><div  class='flex_column av-av_one_half-d9d4235c4dc5477e29570d3b99e2b500 av_one_half  avia-builder-el-14  el_after_av_one_half  el_before_av_one_half  flex_column_table_cell av-equal-height-column av-align-middle  column-top-margin'     ><section  class='av_textblock_section av-m91e3gz5-bd36cdf14595ea8288d84560ee1699d6 '   itemscope=\"itemscope\" itemtype=\"https:\/\/schema.org\/CreativeWork\" ><div class='avia_textblock'  itemprop=\"text\" ><p>Hay una ruta de caminar y una ruta de bicicleta fant\u00e1stica desde el pueblo de Bolnuevo hasta Puntas de Calnegre. Si eres una persona deportiva, deber\u00eda haber hecho esa ruta al menos una vez durante su estancia. Hermosos senderos al largo de la costa con excelentes vistas al mar y el paisaje.<\/p>\n<\/div><\/section><\/div><\/div><!--close column table wrapper. Autoclose: 1 --><div class='flex_column_table av-av_one_half-9490b319aeaf93e6cab438075a99b8c9 sc-av_one_half av-equal-height-column-flextable'><div  class='flex_column av-av_one_half-9490b319aeaf93e6cab438075a99b8c9 av_one_half  avia-builder-el-16  el_after_av_one_half  el_before_av_one_half  first flex_column_table_cell av-equal-height-column av-align-middle  column-top-margin'     ><style type=\"text\/css\" data-created_by=\"avia_inline_auto\" id=\"style-css-av-m91e40hi-9107deb61493ef853d7ebd2b004d1453\">\n.avia-image-container.av-m91e40hi-9107deb61493ef853d7ebd2b004d1453 img.avia_image{\nbox-shadow:none;\n}\n.avia-image-container.av-m91e40hi-9107deb61493ef853d7ebd2b004d1453 .av-image-caption-overlay-center{\ncolor:#ffffff;\n}\n<\/style>\n<div  class='avia-image-container av-m91e40hi-9107deb61493ef853d7ebd2b004d1453 av-styling- avia-align-center  avia-builder-el-17  avia-builder-el-no-sibling '   itemprop=\"image\" itemscope=\"itemscope\" itemtype=\"https:\/\/schema.org\/ImageObject\" ><div class=\"avia-image-container-inner\"><div class=\"avia-image-overlay-wrap\"><img decoding=\"async\" fetchpriority=\"high\" class='wp-image-2347 avia-img-lazy-loading-not-2347 avia_image ' src=\"https:\/\/villamazarron.nl\/wp-content\/uploads\/2021\/10\/IMG_9523_2.jpg\" alt='' title='IMG_9523_2'  height=\"816\" width=\"612\"  itemprop=\"thumbnailUrl\" srcset=\"https:\/\/villamazarron.nl\/wp-content\/uploads\/2021\/10\/IMG_9523_2.jpg 612w, https:\/\/villamazarron.nl\/wp-content\/uploads\/2021\/10\/IMG_9523_2-225x300.jpg 225w, https:\/\/villamazarron.nl\/wp-content\/uploads\/2021\/10\/IMG_9523_2-529x705.jpg 529w\" sizes=\"(max-width: 612px) 100vw, 612px\" \/><\/div><\/div><\/div><\/div><div class='av-flex-placeholder'><\/div><div  class='flex_column av-av_one_half-d9d4235c4dc5477e29570d3b99e2b500 av_one_half  avia-builder-el-18  el_after_av_one_half  el_before_av_one_half  flex_column_table_cell av-equal-height-column av-align-middle  column-top-margin'     ><section  class='av_textblock_section av-m91e4l1p-8182e7fd15a1f476c6bc0e8c174bad8a '   itemscope=\"itemscope\" itemtype=\"https:\/\/schema.org\/CreativeWork\" ><div class='avia_textblock'  itemprop=\"text\" ><p>Cuando est\u00e1s en Puntas de Calnegre, toma el camino al oeste de Puntas por arriba (en coche, en bicicleta, a pie) Pasa por un paisaje espectacular y que termina en la primera bah\u00eda hermosa de arena. Continua el camino y llega a la segunda bah\u00eda, se llama Playa de las Mujeres.<\/p>\n<\/div><\/section><\/div><\/div><!--close column table wrapper. Autoclose: 1 --><div class='flex_column_table av-av_one_half-9490b319aeaf93e6cab438075a99b8c9 sc-av_one_half av-equal-height-column-flextable'><div  class='flex_column av-av_one_half-9490b319aeaf93e6cab438075a99b8c9 av_one_half  avia-builder-el-20  el_after_av_one_half  el_before_av_one_half  first flex_column_table_cell av-equal-height-column av-align-middle  column-top-margin'     ><style type=\"text\/css\" data-created_by=\"avia_inline_auto\" id=\"style-css-av-m91e53ew-b9a438e358175a9396ca8e6b66457924\">\n.avia-image-container.av-m91e53ew-b9a438e358175a9396ca8e6b66457924 img.avia_image{\nbox-shadow:none;\n}\n.avia-image-container.av-m91e53ew-b9a438e358175a9396ca8e6b66457924 .av-image-caption-overlay-center{\ncolor:#ffffff;\n}\n<\/style>\n<div  class='avia-image-container av-m91e53ew-b9a438e358175a9396ca8e6b66457924 av-styling- avia-align-center  avia-builder-el-21  avia-builder-el-no-sibling '   itemprop=\"image\" itemscope=\"itemscope\" itemtype=\"https:\/\/schema.org\/ImageObject\" ><div class=\"avia-image-container-inner\"><div class=\"avia-image-overlay-wrap\"><img decoding=\"async\" fetchpriority=\"high\" class='wp-image-2352 avia-img-lazy-loading-not-2352 avia_image ' src=\"https:\/\/villamazarron.nl\/wp-content\/uploads\/2021\/10\/IMG_5280_2.jpg\" alt='' title='IMG_5280_2'  height=\"613\" width=\"817\"  itemprop=\"thumbnailUrl\" srcset=\"https:\/\/villamazarron.nl\/wp-content\/uploads\/2021\/10\/IMG_5280_2.jpg 817w, https:\/\/villamazarron.nl\/wp-content\/uploads\/2021\/10\/IMG_5280_2-300x225.jpg 300w, https:\/\/villamazarron.nl\/wp-content\/uploads\/2021\/10\/IMG_5280_2-768x576.jpg 768w, https:\/\/villamazarron.nl\/wp-content\/uploads\/2021\/10\/IMG_5280_2-705x529.jpg 705w\" sizes=\"(max-width: 817px) 100vw, 817px\" \/><\/div><\/div><\/div><\/div><div class='av-flex-placeholder'><\/div><div  class='flex_column av-av_one_half-d9d4235c4dc5477e29570d3b99e2b500 av_one_half  avia-builder-el-22  el_after_av_one_half  el_before_av_one_half  flex_column_table_cell av-equal-height-column av-align-middle  column-top-margin'     ><section  class='av_textblock_section av-m91e5nr9-8d5c7b22a7f648f2a822e96c7ca0f4ff '   itemscope=\"itemscope\" itemtype=\"https:\/\/schema.org\/CreativeWork\" ><div class='avia_textblock'  itemprop=\"text\" ><p>Actividad deportiva y tambi\u00e9n relajarse.<\/p>\n<p>No podemos dejar de hablar de lo que hay mas que hacer en esta regi\u00f3n.<br \/>\nLe enviaremos una lista de mas posibilidades:<br \/>\n\u2013 Muchas rutas de ciclismo y ciclismo de monta\u00f1a en la zona. Cuando usted y sus amigos desea reservar sus vacaciones para caminar o en bicicleta. Por favor d\u00edganos. Ofrecemos hermosos rutas de senderos.<br \/>\n\u2013 Actualmente, est\u00e1n construyendo una camina como \u00abV\u00eda Verde\u00bb de mas de cientos de kil\u00f3metros de largo por el ciclismo, montar a caballo, etc. excepto veh\u00edculos motorizados.<\/p>\n<\/div><\/section><\/div><\/div><!--close column table wrapper. Autoclose: 1 --><div class='flex_column_table av-av_one_half-9490b319aeaf93e6cab438075a99b8c9 sc-av_one_half av-equal-height-column-flextable'><div  class='flex_column av-av_one_half-9490b319aeaf93e6cab438075a99b8c9 av_one_half  avia-builder-el-24  el_after_av_one_half  el_before_av_one_half  first flex_column_table_cell av-equal-height-column av-align-middle  column-top-margin'     ><style type=\"text\/css\" data-created_by=\"avia_inline_auto\" id=\"style-css-av-m91e67cr-1bcf5402438c2e6c350d47764c757061\">\n.avia-image-container.av-m91e67cr-1bcf5402438c2e6c350d47764c757061 img.avia_image{\nbox-shadow:none;\n}\n.avia-image-container.av-m91e67cr-1bcf5402438c2e6c350d47764c757061 .av-image-caption-overlay-center{\ncolor:#ffffff;\n}\n<\/style>\n<div  class='avia-image-container av-m91e67cr-1bcf5402438c2e6c350d47764c757061 av-styling- avia-align-center  avia-builder-el-25  avia-builder-el-no-sibling '   itemprop=\"image\" itemscope=\"itemscope\" itemtype=\"https:\/\/schema.org\/ImageObject\" ><div class=\"avia-image-container-inner\"><div class=\"avia-image-overlay-wrap\"><img decoding=\"async\" fetchpriority=\"high\" class='wp-image-2357 avia-img-lazy-loading-not-2357 avia_image ' src=\"https:\/\/villamazarron.nl\/wp-content\/uploads\/2021\/10\/IMG_4733_2.jpg\" alt='' title='IMG_4733_2'  height=\"816\" width=\"612\"  itemprop=\"thumbnailUrl\" srcset=\"https:\/\/villamazarron.nl\/wp-content\/uploads\/2021\/10\/IMG_4733_2.jpg 612w, https:\/\/villamazarron.nl\/wp-content\/uploads\/2021\/10\/IMG_4733_2-225x300.jpg 225w, https:\/\/villamazarron.nl\/wp-content\/uploads\/2021\/10\/IMG_4733_2-529x705.jpg 529w\" sizes=\"(max-width: 612px) 100vw, 612px\" \/><\/div><\/div><\/div><\/div><div class='av-flex-placeholder'><\/div><div  class='flex_column av-av_one_half-d9d4235c4dc5477e29570d3b99e2b500 av_one_half  avia-builder-el-26  el_after_av_one_half  el_before_av_one_half  flex_column_table_cell av-equal-height-column av-align-middle  column-top-margin'     ><section  class='av_textblock_section av-m91e6qxt-71650bd4950810dde95ddf95bfa9a185 '   itemscope=\"itemscope\" itemtype=\"https:\/\/schema.org\/CreativeWork\" ><div class='avia_textblock'  itemprop=\"text\" ><p>\u2013 El alpinismo es posible muy cerco del Mazarr\u00f3n Country Club. Las monta\u00f1as no son tan altos, pero vale la pena de subir.<br \/>\n\u2013 \u00bfLe gusta observar animales y aves, ven a la Costa C\u00e1lida. Vale la pena.<\/p>\n<\/div><\/section><\/div><\/div><!--close column table wrapper. Autoclose: 1 --><div class='flex_column_table av-av_one_half-9490b319aeaf93e6cab438075a99b8c9 sc-av_one_half av-equal-height-column-flextable'><div  class='flex_column av-av_one_half-9490b319aeaf93e6cab438075a99b8c9 av_one_half  avia-builder-el-28  el_after_av_one_half  el_before_av_one_half  first flex_column_table_cell av-equal-height-column av-align-middle  column-top-margin'     ><style type=\"text\/css\" data-created_by=\"avia_inline_auto\" id=\"style-css-av-m91e78e2-89fcb6d2f42a2dd005177f43e664db8c\">\n.avia-image-container.av-m91e78e2-89fcb6d2f42a2dd005177f43e664db8c img.avia_image{\nbox-shadow:none;\n}\n.avia-image-container.av-m91e78e2-89fcb6d2f42a2dd005177f43e664db8c .av-image-caption-overlay-center{\ncolor:#ffffff;\n}\n<\/style>\n<div  class='avia-image-container av-m91e78e2-89fcb6d2f42a2dd005177f43e664db8c av-styling- avia-align-center  avia-builder-el-29  avia-builder-el-no-sibling '   itemprop=\"image\" itemscope=\"itemscope\" itemtype=\"https:\/\/schema.org\/ImageObject\" ><div class=\"avia-image-container-inner\"><div class=\"avia-image-overlay-wrap\"><img decoding=\"async\" fetchpriority=\"high\" class='wp-image-2362 avia-img-lazy-loading-not-2362 avia_image ' src=\"https:\/\/villamazarron.nl\/wp-content\/uploads\/2021\/10\/IMG_4812_2.jpg\" alt='' title='IMG_4812_2'  height=\"612\" width=\"816\"  itemprop=\"thumbnailUrl\" srcset=\"https:\/\/villamazarron.nl\/wp-content\/uploads\/2021\/10\/IMG_4812_2.jpg 816w, https:\/\/villamazarron.nl\/wp-content\/uploads\/2021\/10\/IMG_4812_2-300x225.jpg 300w, https:\/\/villamazarron.nl\/wp-content\/uploads\/2021\/10\/IMG_4812_2-768x576.jpg 768w, https:\/\/villamazarron.nl\/wp-content\/uploads\/2021\/10\/IMG_4812_2-705x529.jpg 705w\" sizes=\"(max-width: 816px) 100vw, 816px\" \/><\/div><\/div><\/div><\/div><div class='av-flex-placeholder'><\/div><div  class='flex_column av-av_one_half-d9d4235c4dc5477e29570d3b99e2b500 av_one_half  avia-builder-el-30  el_after_av_one_half  el_before_av_one_half  flex_column_table_cell av-equal-height-column av-align-middle  column-top-margin'     ><section  class='av_textblock_section av-m91e7l6v-e8c4865e17741b8c61db342236521b24 '   itemscope=\"itemscope\" itemtype=\"https:\/\/schema.org\/CreativeWork\" ><div class='avia_textblock'  itemprop=\"text\" ><p>\u2013 Loco por la pesquer\u00eda? Alquilar un barco y desfruta. La Bah\u00eda de Mazarr\u00f3n est\u00e1 lleno de muchas especies de peces.<\/p>\n<\/div><\/section><\/div><\/div><!--close column table wrapper. Autoclose: 1 --><div class='flex_column_table av-av_one_half-9490b319aeaf93e6cab438075a99b8c9 sc-av_one_half av-equal-height-column-flextable'><div  class='flex_column av-av_one_half-9490b319aeaf93e6cab438075a99b8c9 av_one_half  avia-builder-el-32  el_after_av_one_half  el_before_av_one_half  first flex_column_table_cell av-equal-height-column av-align-middle  column-top-margin'     ><style type=\"text\/css\" data-created_by=\"avia_inline_auto\" id=\"style-css-av-m91e81u6-91337398a55e3be4412238e3b6ddd102\">\n.avia-image-container.av-m91e81u6-91337398a55e3be4412238e3b6ddd102 img.avia_image{\nbox-shadow:none;\n}\n.avia-image-container.av-m91e81u6-91337398a55e3be4412238e3b6ddd102 .av-image-caption-overlay-center{\ncolor:#ffffff;\n}\n<\/style>\n<div  class='avia-image-container av-m91e81u6-91337398a55e3be4412238e3b6ddd102 av-styling- avia-align-center  avia-builder-el-33  avia-builder-el-no-sibling '   itemprop=\"image\" itemscope=\"itemscope\" itemtype=\"https:\/\/schema.org\/ImageObject\" ><div class=\"avia-image-container-inner\"><div class=\"avia-image-overlay-wrap\"><img decoding=\"async\" fetchpriority=\"high\" class='wp-image-2367 avia-img-lazy-loading-not-2367 avia_image ' src=\"https:\/\/villamazarron.nl\/wp-content\/uploads\/2021\/10\/IMG_3099_2.jpg\" alt='' title='IMG_3099_2'  height=\"816\" width=\"612\"  itemprop=\"thumbnailUrl\" srcset=\"https:\/\/villamazarron.nl\/wp-content\/uploads\/2021\/10\/IMG_3099_2.jpg 612w, https:\/\/villamazarron.nl\/wp-content\/uploads\/2021\/10\/IMG_3099_2-225x300.jpg 225w, https:\/\/villamazarron.nl\/wp-content\/uploads\/2021\/10\/IMG_3099_2-529x705.jpg 529w\" sizes=\"(max-width: 612px) 100vw, 612px\" \/><\/div><\/div><\/div><\/div><div class='av-flex-placeholder'><\/div><div  class='flex_column av-av_one_half-d9d4235c4dc5477e29570d3b99e2b500 av_one_half  avia-builder-el-34  el_after_av_one_half  el_before_av_one_full  flex_column_table_cell av-equal-height-column av-align-middle  column-top-margin'     ><section  class='av_textblock_section av-m91e8jef-e48475429b4fd3c183c4c6b337541968 '   itemscope=\"itemscope\" itemtype=\"https:\/\/schema.org\/CreativeWork\" ><div class='avia_textblock'  itemprop=\"text\" ><p>\u2013 Tambi\u00e9n la naturaleza desde el agua es precioso. Alquilar un barco o tomar un crucero.<br \/>\n\u2013 Hay varios viajes para ver delfines en ciertas temporadas del a\u00f1o.<br \/>\n\u2013 \u00bfUsted es un bot\u00e1nico? En esta regi\u00f3n cultivan plantas y flores muy raras. Incluso algunas variedades que son raros en el resto de Europa.<\/p>\n<\/div><\/section><\/div><\/div><!--close column table wrapper. Autoclose: 1 -->\n<style type=\"text\/css\" data-created_by=\"avia_inline_auto\" id=\"style-css-av-ttec-f70a3350690c514c831dab5846daf7aa\">\n.flex_column.av-ttec-f70a3350690c514c831dab5846daf7aa{\nborder-radius:0px 0px 0px 0px;\npadding:0px 0px 0px 0px;\n}\n<\/style>\n<div  class='flex_column av-ttec-f70a3350690c514c831dab5846daf7aa av_one_full  avia-builder-el-36  el_after_av_one_half  avia-builder-el-last  first flex_column_div av-zero-column-padding  column-top-margin'     ><section  class='av_textblock_section av-kqwfoh78-4774e240490a18d4288fa7d52ac770f4 '   itemscope=\"itemscope\" itemtype=\"https:\/\/schema.org\/CreativeWork\" ><div class='avia_textblock'  itemprop=\"text\" ><p>\u2013 Ven a la Costa C\u00e1lida, reserva su alojamiento en Villamazarron. Nuestro objetivo es divertirle los mas posible por que vuelva y regrese a nosotros.<\/p>\n<p>\u2013 Amante del sol, epic\u00fareo, en buscando la paz y tranquilidad o la naturaleza?<br \/>\nVillamazarron, ofrece todo lo que quiere en esta regi\u00f3n m\u00e1s hermosa con sus<\/p>\n<p>fant\u00e1sticas casas en bellos sitios.<\/p>\n<\/div><\/section><\/div><\/p>\n","protected":false},"excerpt":{"rendered":"","protected":false},"author":1,"featured_media":0,"parent":1824,"menu_order":0,"comment_status":"closed","ping_status":"closed","template":"","meta":{"footnotes":""},"class_list":["post-2178","page","type-page","status-publish","hentry"],"_links":{"self":[{"href":"https:\/\/villamazarron.nl\/es\/wp-json\/wp\/v2\/pages\/2178","targetHints":{"allow":["GET"]}}],"collection":[{"href":"https:\/\/villamazarron.nl\/es\/wp-json\/wp\/v2\/pages"}],"about":[{"href":"https:\/\/villamazarron.nl\/es\/wp-json\/wp\/v2\/types\/page"}],"author":[{"embeddable":true,"href":"https:\/\/villamazarron.nl\/es\/wp-json\/wp\/v2\/users\/1"}],"replies":[{"embeddable":true,"href":"https:\/\/villamazarron.nl\/es\/wp-json\/wp\/v2\/comments?post=2178"}],"version-history":[{"count":8,"href":"https:\/\/villamazarron.nl\/es\/wp-json\/wp\/v2\/pages\/2178\/revisions"}],"predecessor-version":[{"id":5589,"href":"https:\/\/villamazarron.nl\/es\/wp-json\/wp\/v2\/pages\/2178\/revisions\/5589"}],"up":[{"embeddable":true,"href":"https:\/\/villamazarron.nl\/es\/wp-json\/wp\/v2\/pages\/1824"}],"wp:attachment":[{"href":"https:\/\/villamazarron.nl\/es\/wp-json\/wp\/v2\/media?parent=2178"}],"curies":[{"name":"wp","href":"https:\/\/api.w.org\/{rel}","templated":true}]}}