{"id":1894,"date":"2021-09-03T16:04:27","date_gmt":"2021-09-03T14:04:27","guid":{"rendered":"https:\/\/mazarron.websiteagency.nl\/costa-callida\/accesibilidad\/"},"modified":"2025-04-16T14:13:20","modified_gmt":"2025-04-16T12:13:20","slug":"accesibilidad","status":"publish","type":"page","link":"https:\/\/villamazarron.nl\/es\/costa-calida\/accesibilidad\/","title":{"rendered":"Accesibilidad"},"content":{"rendered":"<div id='full_slider_1'  class='avia-fullwidth-slider main_color avia-shadow   avia-builder-el-0  el_before_av_one_full  avia-builder-el-first   container_wrap fullsize'  ><div  class='avia-slideshow av-m4767jh8-ae3ee0babf5f8e11f9fa89e9d16db742 avia-slideshow-featured_large av_slideshow_full avia-slide-slider av-slideshow-ui av-control-default av-slideshow-manual av-loop-once av-loop-manual-endless av-default-height-applied  image_no_stretch avia-slideshow-1' data-slideshow-options=\"{&quot;animation&quot;:&quot;slide&quot;,&quot;autoplay&quot;:false,&quot;loop_autoplay&quot;:&quot;once&quot;,&quot;interval&quot;:5,&quot;loop_manual&quot;:&quot;manual-endless&quot;,&quot;autoplay_stopper&quot;:false,&quot;noNavigation&quot;:false,&quot;bg_slider&quot;:false,&quot;keep_padding&quot;:false,&quot;hoverpause&quot;:false,&quot;show_slide_delay&quot;:0}\"  itemprop=\"image\" itemscope=\"itemscope\" itemtype=\"https:\/\/schema.org\/ImageObject\" ><ul class='avia-slideshow-inner ' style='padding-bottom: 42%;'><li  class='avia-slideshow-slide av-m4767jh8-ae3ee0babf5f8e11f9fa89e9d16db742__0  av-single-slide slide-1 slide-odd'><div data-rel='slideshow-1' class='avia-slide-wrap '   ><img decoding=\"async\" fetchpriority=\"high\" class=\"wp-image-5176 avia-img-lazy-loading-not-5176\"  src=\"https:\/\/villamazarron.nl\/wp-content\/uploads\/2025\/02\/Bereikbaarheid-Villamazarron-1500x630.jpg\" width=\"1500\" height=\"630\" title='Bereikbaarheid - Villamazarron' alt=''  itemprop=\"thumbnailUrl\"   \/><\/div><\/li><\/ul><\/div><\/div><div id='after_full_slider_1'  class='main_color av_default_container_wrap container_wrap fullsize'  ><div class='container av-section-cont-open' ><div class='template-page content  av-content-full alpha units'><div class='post-entry post-entry-type-page post-entry-1894'><div class='entry-content-wrapper clearfix'>\n\n<style type=\"text\/css\" data-created_by=\"avia_inline_auto\" id=\"style-css-av-16ooc-6a1f7c1f48a65bfd513c42e1d7b29308\">\n.flex_column.av-16ooc-6a1f7c1f48a65bfd513c42e1d7b29308{\nborder-radius:0px 0px 0px 0px;\npadding:0px 0px 0px 0px;\n}\n<\/style>\n<div  class='flex_column av-16ooc-6a1f7c1f48a65bfd513c42e1d7b29308 av_one_full  avia-builder-el-1  el_after_av_slideshow_full  avia-builder-el-no-sibling  first flex_column_div av-zero-column-padding  '     ><p>\n<style type=\"text\/css\" data-created_by=\"avia_inline_auto\" id=\"style-css-av-kpguen0h-684749bc7fbf92c128622d13a66dfb42\">\n#top .av-special-heading.av-kpguen0h-684749bc7fbf92c128622d13a66dfb42{\npadding-bottom:10px;\n}\nbody .av-special-heading.av-kpguen0h-684749bc7fbf92c128622d13a66dfb42 .av-special-heading-tag .heading-char{\nfont-size:25px;\n}\n.av-special-heading.av-kpguen0h-684749bc7fbf92c128622d13a66dfb42 .av-subheading{\nfont-size:15px;\n}\n<\/style>\n<div  class='av-special-heading av-kpguen0h-684749bc7fbf92c128622d13a66dfb42 av-special-heading-h1 blockquote modern-quote modern-centered  avia-builder-el-2  el_before_av_textblock  avia-builder-el-first '><h1 class='av-special-heading-tag '  itemprop=\"headline\"  >Accesibilidad <\/h1><div class=\"special-heading-border\"><div class=\"special-heading-inner-border\"><\/div><\/div><\/div><br \/>\n<section  class='av_textblock_section av-kpguigya-be58f3513db99c3961a1120684ed3842 '   itemscope=\"itemscope\" itemtype=\"https:\/\/schema.org\/CreativeWork\" ><div class='avia_textblock'  itemprop=\"text\" ><p>A partir de julio 2007, la accesibilidad a la urbanizaci\u00f3n es mejor.<\/p>\n<p>Pegado a la urbanizaci\u00f3n se abri\u00f3 la nueva autopista que pasa directamente al lado de la urbanizaci\u00f3n, usted no necesita pasar por carreteras secundarias a su casa de vacaciones.<\/p>\n<p>Desde Madrid:<\/p>\n<p>A-3 Salida 177A<br \/>\nA-31 Salida 79<br \/>\nA-30 N-301 Salida 134A<br \/>\nSalida 138<br \/>\nE-15\/A-7<br \/>\nSalida 617 Totana\/Mazarron<br \/>\nMazarr\u00f3n Country Club-Murcia<\/p>\n<p>Desde Alicante:<\/p>\n<p>E-15\/A-7<br \/>\nSalida 138 almeria\/Granada<br \/>\nSalida 617 Totana\/Mazarr\u00f3n<br \/>\nMazarr\u00f3n Country Club-Murcia<\/p>\n<p><a href=\"https:\/\/partner.sunnycars.nl\/ak\/2525487\/\" target=\"_blank\" rel=\"noopener\">Para alquilar un coche.<\/a><\/p>\n<\/div><\/section><\/p><\/div>\n","protected":false},"excerpt":{"rendered":"","protected":false},"author":1,"featured_media":0,"parent":1824,"menu_order":0,"comment_status":"closed","ping_status":"closed","template":"","meta":{"footnotes":""},"class_list":["post-1894","page","type-page","status-publish","hentry"],"_links":{"self":[{"href":"https:\/\/villamazarron.nl\/es\/wp-json\/wp\/v2\/pages\/1894","targetHints":{"allow":["GET"]}}],"collection":[{"href":"https:\/\/villamazarron.nl\/es\/wp-json\/wp\/v2\/pages"}],"about":[{"href":"https:\/\/villamazarron.nl\/es\/wp-json\/wp\/v2\/types\/page"}],"author":[{"embeddable":true,"href":"https:\/\/villamazarron.nl\/es\/wp-json\/wp\/v2\/users\/1"}],"replies":[{"embeddable":true,"href":"https:\/\/villamazarron.nl\/es\/wp-json\/wp\/v2\/comments?post=1894"}],"version-history":[{"count":6,"href":"https:\/\/villamazarron.nl\/es\/wp-json\/wp\/v2\/pages\/1894\/revisions"}],"predecessor-version":[{"id":5611,"href":"https:\/\/villamazarron.nl\/es\/wp-json\/wp\/v2\/pages\/1894\/revisions\/5611"}],"up":[{"embeddable":true,"href":"https:\/\/villamazarron.nl\/es\/wp-json\/wp\/v2\/pages\/1824"}],"wp:attachment":[{"href":"https:\/\/villamazarron.nl\/es\/wp-json\/wp\/v2\/media?parent=1894"}],"curies":[{"name":"wp","href":"https:\/\/api.w.org\/{rel}","templated":true}]}}