{"id":1832,"date":"2021-09-03T15:20:28","date_gmt":"2021-09-03T13:20:28","guid":{"rendered":"https:\/\/mazarron.websiteagency.nl\/playas\/"},"modified":"2025-04-16T14:00:39","modified_gmt":"2025-04-16T12:00:39","slug":"playas","status":"publish","type":"page","link":"https:\/\/villamazarron.nl\/es\/costa-calida\/playas\/","title":{"rendered":"Playas"},"content":{"rendered":"<div id='full_slider_1'  class='avia-fullwidth-slider main_color avia-shadow   avia-builder-el-0  el_before_av_one_full  avia-builder-el-first   container_wrap fullsize'  ><div  class='avia-slideshow av-kqwhdkff-ba55b9c94521400b578f986213fea580 avia-slideshow-featured_large av_slideshow_full avia-slide-slider av-slideshow-ui av-control-hidden av-no-slider-navigation av-hide-nav-arrows av-slideshow-manual av-loop-once av-loop-manual-endless av-default-height-applied  image_no_stretch avia-slideshow-1' data-slideshow-options=\"{&quot;animation&quot;:&quot;slide&quot;,&quot;autoplay&quot;:false,&quot;loop_autoplay&quot;:&quot;once&quot;,&quot;interval&quot;:5,&quot;loop_manual&quot;:&quot;manual-endless&quot;,&quot;autoplay_stopper&quot;:false,&quot;noNavigation&quot;:true,&quot;bg_slider&quot;:false,&quot;keep_padding&quot;:false,&quot;hoverpause&quot;:false,&quot;show_slide_delay&quot;:0}\"  itemprop=\"image\" itemscope=\"itemscope\" itemtype=\"https:\/\/schema.org\/ImageObject\" ><ul class='avia-slideshow-inner ' style='padding-bottom: 42%;'><li  class='avia-slideshow-slide av-kqwhdkff-ba55b9c94521400b578f986213fea580__0  av-single-slide slide-1 slide-odd'><div data-rel='slideshow-1' class='avia-slide-wrap '   ><img decoding=\"async\" fetchpriority=\"high\" class=\"wp-image-5169 avia-img-lazy-loading-not-5169\"  src=\"https:\/\/villamazarron.nl\/wp-content\/uploads\/2025\/02\/Strand-villamazarron-1500x630.jpg\" width=\"1500\" height=\"630\" title='Strand - villamazarron' alt=''  itemprop=\"thumbnailUrl\"   \/><\/div><\/li><\/ul><\/div><\/div><div id='after_full_slider_1'  class='main_color av_default_container_wrap container_wrap fullsize'  ><div class='container av-section-cont-open' ><div class='template-page content  av-content-full alpha units'><div class='post-entry post-entry-type-page post-entry-1832'><div class='entry-content-wrapper clearfix'>\n\n<style type=\"text\/css\" data-created_by=\"avia_inline_auto\" id=\"style-css-av-6rcwi-50e8109c3275d7bee153623f957f94b6\">\n.flex_column.av-6rcwi-50e8109c3275d7bee153623f957f94b6{\nborder-radius:0px 0px 0px 0px;\npadding:0px 0px 0px 0px;\n}\n<\/style>\n<div  class='flex_column av-6rcwi-50e8109c3275d7bee153623f957f94b6 av_one_full  avia-builder-el-1  el_after_av_slideshow_full  avia-builder-el-no-sibling  first flex_column_div av-zero-column-padding  '     ><p>\n<style type=\"text\/css\" data-created_by=\"avia_inline_auto\" id=\"style-css-av-14jz6-938d6401ba15992e166d6c2ced350d72\">\n#top .av-special-heading.av-14jz6-938d6401ba15992e166d6c2ced350d72{\npadding-bottom:10px;\n}\nbody .av-special-heading.av-14jz6-938d6401ba15992e166d6c2ced350d72 .av-special-heading-tag .heading-char{\nfont-size:25px;\n}\n.av-special-heading.av-14jz6-938d6401ba15992e166d6c2ced350d72 .av-subheading{\nfont-size:15px;\n}\n<\/style>\n<div  class='av-special-heading av-14jz6-938d6401ba15992e166d6c2ced350d72 av-special-heading-h1 blockquote modern-quote modern-centered  avia-builder-el-2  el_before_av_textblock  avia-builder-el-first '><h1 class='av-special-heading-tag '  itemprop=\"headline\"  >Playas<\/h1><div class=\"special-heading-border\"><div class=\"special-heading-inner-border\"><\/div><\/div><\/div><br \/>\n<section  class='av_textblock_section av-kqwfrq1w-dc9a8dd3688f9d156b260e169f959240 '   itemscope=\"itemscope\" itemtype=\"https:\/\/schema.org\/CreativeWork\" ><div class='avia_textblock'  itemprop=\"text\" ><p>El sur de la Costa C\u00e1lida es un peque\u00f1o para\u00edso con temperaturas suaves. Debido al interior monta\u00f1oso, esta \u00e1rea est\u00e1 protegida del viento, lo que hace que las temperaturas sean muy agradables durante todo el a\u00f1o. Hay un clima subtropical mediterr\u00e1neo con una temperatura media anual de 18 \u00b0 C, con veranos c\u00e1lidos pero suaves (28-32 \u00b0 C) e inviernos suaves; ideal para \u00abpasar el invierno\u00bb en esta fant\u00e1stica franja costera en una de las villas de Villamazarron. El sol brilla un promedio de 320 d\u00edas al a\u00f1o, lo que lo convierte en uno de los mejores lugares de Europa para celebrar sus vacaciones durante todo el a\u00f1o. No es por nada que esta franja costera se llama \u00abCosta C\u00e1lida (costa c\u00e1lida)\u00bb. La humedad es muy baja. Todo esto da una combinaci\u00f3n perfecta de mar, clima subtropical, mucha luz y aire limpio. Adem\u00e1s, la presencia de lagos salados y bosques de pinos contribuye al medio ambiente sano. Todos estos factores juntos tienen un efecto incre\u00edblemente beneficioso en su salud. Las quejas como resultado de reumatismo, gota o enfermedad pulmonar pueden disminuir debido a la influencia clim\u00e1tica de esta regi\u00f3n. En la Costa C\u00e1lida encontrar\u00e1 el mejor y m\u00e1s saludable clima de Espa\u00f1a, lo que se confirma por el hecho de que la Organizaci\u00f3n Mundial de la Salud (OMS) ha declarado a la provincia de Murcia la provincia m\u00e1s limpia de Europa debido al aire limpio. V\u00edvelo t\u00fa mismo; bienvenido como invitado de Villamazarron.<\/p>\n<p>Haga clic <a title=\"casa anavicente\" href=\"http:\/\/www.villamazarron.nl\/es\/villas\/casa-anavicente\/\">aqu\u00ed<\/a> para obtener m\u00e1s informaci\u00f3n de Casa Anavicente.<br \/>\n<img decoding=\"async\" class=\"aligncenter wp-image-1846 size-full\" title=\"strand\" src=\"https:\/\/villamazarron.nl\/wp-content\/uploads\/2021\/09\/strand.png\" alt=\"\" width=\"704\" height=\"348\" srcset=\"https:\/\/villamazarron.nl\/wp-content\/uploads\/2021\/09\/strand.png 704w, https:\/\/villamazarron.nl\/wp-content\/uploads\/2021\/09\/strand-300x148.png 300w\" sizes=\"(max-width: 704px) 100vw, 704px\" \/><\/p>\n<\/div><\/section><\/p><\/div>\n","protected":false},"excerpt":{"rendered":"","protected":false},"author":1,"featured_media":0,"parent":1824,"menu_order":0,"comment_status":"closed","ping_status":"closed","template":"","meta":{"footnotes":""},"class_list":["post-1832","page","type-page","status-publish","hentry"],"_links":{"self":[{"href":"https:\/\/villamazarron.nl\/es\/wp-json\/wp\/v2\/pages\/1832","targetHints":{"allow":["GET"]}}],"collection":[{"href":"https:\/\/villamazarron.nl\/es\/wp-json\/wp\/v2\/pages"}],"about":[{"href":"https:\/\/villamazarron.nl\/es\/wp-json\/wp\/v2\/types\/page"}],"author":[{"embeddable":true,"href":"https:\/\/villamazarron.nl\/es\/wp-json\/wp\/v2\/users\/1"}],"replies":[{"embeddable":true,"href":"https:\/\/villamazarron.nl\/es\/wp-json\/wp\/v2\/comments?post=1832"}],"version-history":[{"count":8,"href":"https:\/\/villamazarron.nl\/es\/wp-json\/wp\/v2\/pages\/1832\/revisions"}],"predecessor-version":[{"id":5594,"href":"https:\/\/villamazarron.nl\/es\/wp-json\/wp\/v2\/pages\/1832\/revisions\/5594"}],"up":[{"embeddable":true,"href":"https:\/\/villamazarron.nl\/es\/wp-json\/wp\/v2\/pages\/1824"}],"wp:attachment":[{"href":"https:\/\/villamazarron.nl\/es\/wp-json\/wp\/v2\/media?parent=1832"}],"curies":[{"name":"wp","href":"https:\/\/api.w.org\/{rel}","templated":true}]}}