{"id":2192,"date":"2021-09-28T15:58:19","date_gmt":"2021-09-28T13:58:19","guid":{"rendered":"https:\/\/mazarron.websiteagency.nl\/?page_id=2192"},"modified":"2025-04-16T14:15:00","modified_gmt":"2025-04-16T12:15:00","slug":"winter-stay","status":"publish","type":"page","link":"https:\/\/villamazarron.nl\/en\/costa-calida\/winter-stay\/","title":{"rendered":"Winter stay"},"content":{"rendered":"<div id='full_slider_1'  class='avia-fullwidth-slider main_color avia-shadow   avia-builder-el-0  el_before_av_one_full  avia-builder-el-first   container_wrap fullsize'  ><div  class='avia-slideshow av-m476ib8f-288404dec6423d2295020f6a220b3b63 avia-slideshow-extra_large av_slideshow_full avia-slide-slider av-slideshow-ui av-control-default av-slideshow-manual av-loop-once av-loop-manual-endless av-default-height-applied  image_no_stretch avia-slideshow-1' data-slideshow-options=\"{&quot;animation&quot;:&quot;slide&quot;,&quot;autoplay&quot;:false,&quot;loop_autoplay&quot;:&quot;once&quot;,&quot;interval&quot;:5,&quot;loop_manual&quot;:&quot;manual-endless&quot;,&quot;autoplay_stopper&quot;:false,&quot;noNavigation&quot;:false,&quot;bg_slider&quot;:false,&quot;keep_padding&quot;:false,&quot;hoverpause&quot;:false,&quot;show_slide_delay&quot;:0}\"  itemprop=\"image\" itemscope=\"itemscope\" itemtype=\"https:\/\/schema.org\/ImageObject\" ><ul class='avia-slideshow-inner ' style='padding-bottom: 50%;'><li  class='avia-slideshow-slide av-m476ib8f-288404dec6423d2295020f6a220b3b63__0  av-single-slide slide-1 slide-odd'><div data-rel='slideshow-1' class='avia-slide-wrap '   ><img decoding=\"async\" fetchpriority=\"high\" class=\"wp-image-4953 avia-img-lazy-loading-not-4953\"  src=\"https:\/\/villamazarron.nl\/wp-content\/uploads\/2024\/12\/IMG_5054-1500x750.jpg\" width=\"1500\" height=\"750\" title='IMG_5054' alt=''  itemprop=\"thumbnailUrl\" srcset=\"https:\/\/villamazarron.nl\/wp-content\/uploads\/2024\/12\/IMG_5054-1500x750.jpg 1500w, https:\/\/villamazarron.nl\/wp-content\/uploads\/2024\/12\/IMG_5054-300x150.jpg 300w, https:\/\/villamazarron.nl\/wp-content\/uploads\/2024\/12\/IMG_5054-1030x515.jpg 1030w, https:\/\/villamazarron.nl\/wp-content\/uploads\/2024\/12\/IMG_5054-768x384.jpg 768w, https:\/\/villamazarron.nl\/wp-content\/uploads\/2024\/12\/IMG_5054-1536x768.jpg 1536w, https:\/\/villamazarron.nl\/wp-content\/uploads\/2024\/12\/IMG_5054-705x353.jpg 705w, https:\/\/villamazarron.nl\/wp-content\/uploads\/2024\/12\/IMG_5054.jpg 1920w\" sizes=\"(max-width: 1500px) 100vw, 1500px\" \/><\/div><\/li><\/ul><\/div><\/div><div id='after_full_slider_1'  class='main_color av_default_container_wrap container_wrap fullsize'  ><div class='container av-section-cont-open' ><div class='template-page content  av-content-full alpha units'><div class='post-entry post-entry-type-page post-entry-2192'><div class='entry-content-wrapper clearfix'>\n\n<style type=\"text\/css\" data-created_by=\"avia_inline_auto\" id=\"style-css-av-av_one_full-79ff81c021393065cee878051452f6a6\">\n.flex_column.av-av_one_full-79ff81c021393065cee878051452f6a6{\nborder-radius:0px 0px 0px 0px;\npadding:0px 0px 0px 0px;\n}\n<\/style>\n<div  class='flex_column av-av_one_full-79ff81c021393065cee878051452f6a6 av_one_full  avia-builder-el-1  el_after_av_slideshow_full  el_before_av_one_fifth  avia-builder-el-first  first flex_column_div av-zero-column-padding  '     ><p>\n<style type=\"text\/css\" data-created_by=\"avia_inline_auto\" id=\"style-css-av-av_heading-609787e04b691afe3ed2694658d90242\">\n#top .av-special-heading.av-av_heading-609787e04b691afe3ed2694658d90242{\npadding-bottom:10px;\n}\nbody .av-special-heading.av-av_heading-609787e04b691afe3ed2694658d90242 .av-special-heading-tag .heading-char{\nfont-size:25px;\n}\n.av-special-heading.av-av_heading-609787e04b691afe3ed2694658d90242 .av-subheading{\nfont-size:15px;\n}\n<\/style>\n<div  class='av-special-heading av-av_heading-609787e04b691afe3ed2694658d90242 av-special-heading-h1 blockquote modern-quote modern-centered  avia-builder-el-2  el_before_av_textblock  avia-builder-el-first '><h1 class='av-special-heading-tag '  itemprop=\"headline\"  >Winter stay<\/h1><div class=\"special-heading-border\"><div class=\"special-heading-inner-border\"><\/div><\/div><\/div><br \/>\n<section  class='av_textblock_section av-kqwg4xys-1ce6a2c787f25082b57558a297861518 '   itemscope=\"itemscope\" itemtype=\"https:\/\/schema.org\/CreativeWork\" ><div class='avia_textblock'  itemprop=\"text\" ><div class=\"entry-content\">\n<p style=\"text-align: center;\"><em>Have you ever experienced a winter with almost every day of the sun?<\/em><br \/>\nCome and experience the hospitality of Villamazarron.<\/p>\n<h3><\/h3>\n<\/div>\n<\/div><\/section><\/p><\/div>\n\n<style type=\"text\/css\" data-created_by=\"avia_inline_auto\" id=\"style-css-av-av_one_fifth-79ff81c021393065cee878051452f6a6\">\n.flex_column.av-av_one_fifth-79ff81c021393065cee878051452f6a6{\nborder-radius:0px 0px 0px 0px;\npadding:0px 0px 0px 0px;\n}\n<\/style>\n<div  class='flex_column av-av_one_fifth-79ff81c021393065cee878051452f6a6 av_one_fifth  avia-builder-el-4  el_after_av_one_full  el_before_av_three_fifth  first flex_column_div av-zero-column-padding  column-top-margin'     ><\/div>\n\n<style type=\"text\/css\" data-created_by=\"avia_inline_auto\" id=\"style-css-av-av_three_fifth-49f6e875884219cf77c24341e550af53\">\n.flex_column.av-av_three_fifth-49f6e875884219cf77c24341e550af53{\nborder-radius:0px 0px 0px 0px;\npadding:0px 0px 0px 0px;\n}\n<\/style>\n<div  class='flex_column av-av_three_fifth-49f6e875884219cf77c24341e550af53 av_three_fifth  avia-builder-el-5  el_after_av_one_fifth  el_before_av_one_fifth  flex_column_div av-zero-column-padding  column-top-margin'     ><style type=\"text\/css\" data-created_by=\"avia_inline_auto\" id=\"style-css-av-l6bxrvv3-26823ce79ed724668547e26d5393f852\">\n.avia-video.av-l6bxrvv3-26823ce79ed724668547e26d5393f852{\nbackground-image:url(https:\/\/villamazarron.nl\/wp-content\/uploads\/2022\/08\/Villamazarron-Eropuit.jpg);\n}\n<\/style>\n<div  class='avia-video av-l6bxrvv3-26823ce79ed724668547e26d5393f852 avia-video-16-9 av-preview-image avia-video-lightbox av-lazyload-video-embed avia-video-standard-html'  itemprop=\"video\" itemtype=\"https:\/\/schema.org\/VideoObject\"  data-original_url='https:\/\/villamazarron.nl\/wp-content\/uploads\/2022\/08\/Villamazarron-Eropuit.mp4'><script type='text\/html' class='av-video-tmpl'><a href='https:\/\/villamazarron.nl\/wp-content\/uploads\/2022\/08\/Villamazarron-Eropuit.mp4' rel='lightbox' class='mfp-iframe lightbox-link' data-custom_class='avia-mfp-is-video avia-mfp-video-16-9  '><\/a><\/script><div class=\"av-click-to-play-overlay play-lightbox\"><div class=\"avia_playpause_icon\"><\/div><\/div><\/div><\/div>\n\n<style type=\"text\/css\" data-created_by=\"avia_inline_auto\" id=\"style-css-av-av_one_fifth-49f6e875884219cf77c24341e550af53\">\n.flex_column.av-av_one_fifth-49f6e875884219cf77c24341e550af53{\nborder-radius:0px 0px 0px 0px;\npadding:0px 0px 0px 0px;\n}\n<\/style>\n<div  class='flex_column av-av_one_fifth-49f6e875884219cf77c24341e550af53 av_one_fifth  avia-builder-el-7  el_after_av_three_fifth  el_before_av_one_full  flex_column_div av-zero-column-padding  column-top-margin'     ><\/div>\n\n<style type=\"text\/css\" data-created_by=\"avia_inline_auto\" id=\"style-css-av-av_one_full-79ff81c021393065cee878051452f6a6\">\n.flex_column.av-av_one_full-79ff81c021393065cee878051452f6a6{\nborder-radius:0px 0px 0px 0px;\npadding:0px 0px 0px 0px;\n}\n<\/style>\n<div  class='flex_column av-av_one_full-79ff81c021393065cee878051452f6a6 av_one_full  avia-builder-el-8  el_after_av_one_fifth  avia-builder-el-last  first flex_column_div av-zero-column-padding  column-top-margin'     ><section  class='av_textblock_section av-l6bxqn0a-6cdb83a56cd1512e6798fd6a064500bb '   itemscope=\"itemscope\" itemtype=\"https:\/\/schema.org\/CreativeWork\" ><div class='avia_textblock'  itemprop=\"text\" ><p>Spending the winter on the Costa Calida really has many advantages;<\/p>\n<p>The most sunny climate in winter in the whole of southern Europe.<br \/>\nThe healthiest air in southern Europe has been demonstrated in this region of the Costa C\u00e1lida.<br \/>\nThe cheap life on the Costa C\u00e1lida; wintering is cheaper than you would expect. Take the test!<br \/>\nThe friendly and always helpful residents of the Costa C\u00e1lida.<\/p>\n<p>Excellent healthcare in the area.<\/p>\n<p>Always service at the resort of Casa\u00f1a. Casa\u00f1a has employees who speak all languages. We or Casa\u00f1a will welcome you, wave you goodbye on departure and in the meantime are always available if you have a problem that needs to be solved.<\/p>\n<p>All the recreation you want can be found in this region; beautiful nature, culture, sports facilities in the broadest sense of the word, excellent cuisine, fantastic shops, in short too many to mention. Before you know it, the \u201cwinter\u201d is over and you will return to Northern Europe in a tanned state, where spring will begin again. During your stay just \u201ctrek\u201d in snow; the \u201cSierra Nevada\u201d is easy to drive by car.<\/p>\n<p>All this for a price that will surprise you. Compared to the quality that we offer you are for a \u201cbargain\u201d wintering in Spain. Ask us a suitable quote and become our guest. From November to March we offer great prices.<\/p>\n<p>Villamazarron is flexible; your price depends on the number of people and the duration that you wish to book. <em>\u201cThe longer you come the cheaper you stay\u201d<\/em> Ask if we can make you an offer.<\/p>\n<p>At Villamazarron you can rent including all costs (you know where you stand), or excluding all costs (gas, electricity and water are then calculated according to your actual use). As you wish \u2026\u2026..<\/p>\n<p>We hope to welcome you as our guest. With a choice of 6 properties, there is always a suitable property for you. In recent years we have learned that many satisfied guests have preceded you. And \u2026\u2026\u2026 you don\u2019t want to spend the winter at the resort; look at Casa Anavicente ON the beach in the pure Spanish village of Puntas de Calnegre. It can\u2019t be more Spanish !!!<\/p>\n<p>We look forward to you as our guest next winter\u2026..<\/p>\n<p>Welcome to Villamazarron.<\/p>\n<h3>Ask about our special winter rates!<\/h3>\n<\/div><\/section><\/div>\n","protected":false},"excerpt":{"rendered":"","protected":false},"author":1,"featured_media":0,"parent":1821,"menu_order":0,"comment_status":"closed","ping_status":"closed","template":"","meta":{"footnotes":""},"class_list":["post-2192","page","type-page","status-publish","hentry"],"_links":{"self":[{"href":"https:\/\/villamazarron.nl\/en\/wp-json\/wp\/v2\/pages\/2192","targetHints":{"allow":["GET"]}}],"collection":[{"href":"https:\/\/villamazarron.nl\/en\/wp-json\/wp\/v2\/pages"}],"about":[{"href":"https:\/\/villamazarron.nl\/en\/wp-json\/wp\/v2\/types\/page"}],"author":[{"embeddable":true,"href":"https:\/\/villamazarron.nl\/en\/wp-json\/wp\/v2\/users\/1"}],"replies":[{"embeddable":true,"href":"https:\/\/villamazarron.nl\/en\/wp-json\/wp\/v2\/comments?post=2192"}],"version-history":[{"count":6,"href":"https:\/\/villamazarron.nl\/en\/wp-json\/wp\/v2\/pages\/2192\/revisions"}],"predecessor-version":[{"id":5612,"href":"https:\/\/villamazarron.nl\/en\/wp-json\/wp\/v2\/pages\/2192\/revisions\/5612"}],"up":[{"embeddable":true,"href":"https:\/\/villamazarron.nl\/en\/wp-json\/wp\/v2\/pages\/1821"}],"wp:attachment":[{"href":"https:\/\/villamazarron.nl\/en\/wp-json\/wp\/v2\/media?parent=2192"}],"curies":[{"name":"wp","href":"https:\/\/api.w.org\/{rel}","templated":true}]}}