{"id":2230,"date":"2021-01-22T15:25:47","date_gmt":"2021-01-22T14:25:47","guid":{"rendered":"https:\/\/mazarron.websiteagency.nl\/luxe\/"},"modified":"2025-04-16T14:07:20","modified_gmt":"2025-04-16T12:07:20","slug":"luxus","status":"publish","type":"page","link":"https:\/\/villamazarron.nl\/de\/costa-calida\/luxus\/","title":{"rendered":"Luxus"},"content":{"rendered":"<div id='full_slider_1'  class='avia-fullwidth-slider main_color avia-shadow   avia-builder-el-0  el_before_av_one_full  avia-builder-el-first   container_wrap fullsize'  ><div  class='avia-slideshow av-m476qqtr-1f42a1af9e78e440fc471dac97fa13fc avia-slideshow-extra_large av_slideshow_full avia-slide-slider av-slideshow-ui av-control-default av-slideshow-manual av-loop-once av-loop-manual-endless av-default-height-applied  image_no_stretch avia-slideshow-1' data-slideshow-options=\"{&quot;animation&quot;:&quot;slide&quot;,&quot;autoplay&quot;:false,&quot;loop_autoplay&quot;:&quot;once&quot;,&quot;interval&quot;:5,&quot;loop_manual&quot;:&quot;manual-endless&quot;,&quot;autoplay_stopper&quot;:false,&quot;noNavigation&quot;:false,&quot;bg_slider&quot;:false,&quot;keep_padding&quot;:false,&quot;hoverpause&quot;:false,&quot;show_slide_delay&quot;:0}\"  itemprop=\"image\" itemscope=\"itemscope\" itemtype=\"https:\/\/schema.org\/ImageObject\" ><ul class='avia-slideshow-inner ' style='padding-bottom: 50%;'><li  class='avia-slideshow-slide av-m476qqtr-1f42a1af9e78e440fc471dac97fa13fc__0  av-single-slide slide-1 slide-odd'><div data-rel='slideshow-1' class='avia-slide-wrap '   ><img decoding=\"async\" fetchpriority=\"high\" class=\"wp-image-4925 avia-img-lazy-loading-not-4925\"  src=\"https:\/\/villamazarron.nl\/wp-content\/uploads\/2024\/12\/IMG_1564-1500x750.jpg\" width=\"1500\" height=\"750\" title='IMG_1564' alt=''  itemprop=\"thumbnailUrl\" srcset=\"https:\/\/villamazarron.nl\/wp-content\/uploads\/2024\/12\/IMG_1564-1500x750.jpg 1500w, https:\/\/villamazarron.nl\/wp-content\/uploads\/2024\/12\/IMG_1564-300x150.jpg 300w, https:\/\/villamazarron.nl\/wp-content\/uploads\/2024\/12\/IMG_1564-1030x515.jpg 1030w, https:\/\/villamazarron.nl\/wp-content\/uploads\/2024\/12\/IMG_1564-768x384.jpg 768w, https:\/\/villamazarron.nl\/wp-content\/uploads\/2024\/12\/IMG_1564-1536x768.jpg 1536w, https:\/\/villamazarron.nl\/wp-content\/uploads\/2024\/12\/IMG_1564-705x353.jpg 705w, https:\/\/villamazarron.nl\/wp-content\/uploads\/2024\/12\/IMG_1564.jpg 1920w\" sizes=\"(max-width: 1500px) 100vw, 1500px\" \/><\/div><\/li><\/ul><\/div><\/div><div id='after_full_slider_1'  class='main_color av_default_container_wrap container_wrap fullsize'  ><div class='container av-section-cont-open' ><div class='template-page content  av-content-full alpha units'><div class='post-entry post-entry-type-page post-entry-2230'><div class='entry-content-wrapper clearfix'>\n\n<style type=\"text\/css\" data-created_by=\"avia_inline_auto\" id=\"style-css-av-b6e7k-70206a5c1ba8fea227998ba6e1e4287a\">\n.flex_column.av-b6e7k-70206a5c1ba8fea227998ba6e1e4287a{\nborder-radius:0px 0px 0px 0px;\npadding:0px 0px 0px 0px;\n}\n<\/style>\n<div  class='flex_column av-b6e7k-70206a5c1ba8fea227998ba6e1e4287a av_one_full  avia-builder-el-1  el_after_av_slideshow_full  avia-builder-el-no-sibling  first flex_column_div av-zero-column-padding  '     ><p>\n<style type=\"text\/css\" data-created_by=\"avia_inline_auto\" id=\"style-css-av-ku46osuc-1713fd84064217d170511a93f74d07cf\">\n#top .av-special-heading.av-ku46osuc-1713fd84064217d170511a93f74d07cf{\npadding-bottom:10px;\n}\nbody .av-special-heading.av-ku46osuc-1713fd84064217d170511a93f74d07cf .av-special-heading-tag .heading-char{\nfont-size:25px;\n}\n.av-special-heading.av-ku46osuc-1713fd84064217d170511a93f74d07cf .av-subheading{\nfont-size:15px;\n}\n<\/style>\n<div  class='av-special-heading av-ku46osuc-1713fd84064217d170511a93f74d07cf av-special-heading-h1 blockquote modern-quote modern-centered  avia-builder-el-2  el_before_av_textblock  avia-builder-el-first '><h1 class='av-special-heading-tag '  itemprop=\"headline\"  >Luxus<\/h1><div class=\"special-heading-border\"><div class=\"special-heading-inner-border\"><\/div><\/div><\/div><br \/>\n<section  class='av_textblock_section av-kqwfvb1f-fe958f99e3b8d7fd71f1da6b2a984252 '   itemscope=\"itemscope\" itemtype=\"https:\/\/schema.org\/CreativeWork\" ><div class='avia_textblock'  itemprop=\"text\" ><div class=\"entry-content\">\n<p>Wenn Sie bei Villamazarron buchen, ist Ihnen zuverl\u00e4ssiger \u201eLuxus\u201c und exzellente Beratung garantiert. Villamazarron ist von der Buchung bis zur R\u00fcckkehr nach Hause f\u00fcr Sie da. Villamazarron wei\u00df, was Ihr Urlaub f\u00fcr Sie wert ist und wird alles tun, um Sie gl\u00fccklich zu machen.<\/p>\n<h2>Luxus ist auch das Niveau der Immobilien, die wir vermieten.<\/h2>\n<p>Was k\u00f6nnen Sie erwarten?<\/p>\n<p>Sehr sauberes Hotel bei der Ankunft; alles wurde \u00fcberpr\u00fcft.<br \/>\nIn allen Belangen gut gepflegt. Hochwertiges Interieur. Wundersch\u00f6ne mediterrane G\u00e4rten mit wundersch\u00f6nen Pflanzen, die w\u00f6chentlich vom G\u00e4rtner gepflegt werden.<br \/>\nWenn Sie eine Villa mit Pool buchen; Dies wird sehr sauber gehalten und zweimal pro Woche getestet. Im Sommer sogar 3 mal pro Woche putzen und kontrollieren.<br \/>\nHaushaltsgegenst\u00e4nde werden rechtzeitig ersetzt; Dies ist in ausgezeichnetem Zustand und von hoher Qualit\u00e4t.<br \/>\nWasser- und Stromausf\u00e4lle treten nicht auf, was in Spanien manchmal anders ist.<\/p>\n<p><img decoding=\"async\" class=\"aligncenter size-large wp-image-5197\" src=\"https:\/\/villamazarron.nl\/wp-content\/uploads\/2025\/02\/Luxe-2-Villamazarron-1030x773.jpeg\" alt=\"\" width=\"1030\" height=\"773\" srcset=\"https:\/\/villamazarron.nl\/wp-content\/uploads\/2025\/02\/Luxe-2-Villamazarron-1030x773.jpeg 1030w, https:\/\/villamazarron.nl\/wp-content\/uploads\/2025\/02\/Luxe-2-Villamazarron-300x225.jpeg 300w, https:\/\/villamazarron.nl\/wp-content\/uploads\/2025\/02\/Luxe-2-Villamazarron-768x576.jpeg 768w, https:\/\/villamazarron.nl\/wp-content\/uploads\/2025\/02\/Luxe-2-Villamazarron-1536x1152.jpeg 1536w, https:\/\/villamazarron.nl\/wp-content\/uploads\/2025\/02\/Luxe-2-Villamazarron-1500x1125.jpeg 1500w, https:\/\/villamazarron.nl\/wp-content\/uploads\/2025\/02\/Luxe-2-Villamazarron-705x529.jpeg 705w, https:\/\/villamazarron.nl\/wp-content\/uploads\/2025\/02\/Luxe-2-Villamazarron.jpeg 1920w\" sizes=\"(max-width: 1030px) 100vw, 1030px\" \/><\/p>\n<h2>Sie bekommen auch ein \u201eLuxus\u201c Gef\u00fchl \u2026\u2026<\/h2>\n<p>Diese typisch spanische Region, in der das Leben nicht zu teuer ist.<br \/>\nDie sch\u00f6ne Resort- oder Strandlage, an der sich unsere H\u00e4user befinden.<br \/>\nDie Gegend um das Resort; Ruhe, Weite, herrliche Kr\u00e4uterd\u00fcfte in den Bergen. Wenn Sie ein Auge daf\u00fcr haben; die sch\u00f6nste flora und fauna!<br \/>\nKein Massentourismus zu Hause \u2026\u2026\u2026<br \/>\nDer sch\u00f6ne K\u00fcstenabschnitt der Costa C\u00e1lida mit Buchten, Str\u00e4nden, Felsen, D\u00f6rfern und wundersch\u00f6nen Restaurants mit einer tollen Karte und fairen Preisen. All dies weniger als 10 Minuten von zu Hause aus.<br \/>\nIn St\u00e4dten wie Murcia, Cartagena oder Lorca k\u00f6nnen Sie einkaufen, essen oder etwas trinken. Sie werden \u00fcberrascht sein! Das alles innerhalb einer halben Autostunde.<br \/>\nEin wenig weiter (Granada) besteht sogar die M\u00f6glichkeit, im Winter Ski zu fahren. Oder ein Besuch in der \u201eAlhambra\u201c<br \/>\nVillamazarron hei\u00dft Sie herzlich Willkommen. Schauen Sie sich unsere Bewertungen an und probieren Sie es aus! Sie werden das beste Klima in Europa und die reinste Luft in Europa nicht bereuen.<\/p>\n<p>Suchen Sie eine Immobilie mit Luxus?<br \/>\nDann checken Sie <a href=\"https:\/\/www.villamazarron.nl\/de\/villas\/casa-maravilla\/\">HIER<\/a> Casa Maravilla.<\/p>\n<\/div>\n<\/div><\/section><\/p><\/div>\n","protected":false},"excerpt":{"rendered":"","protected":false},"author":1,"featured_media":0,"parent":1823,"menu_order":0,"comment_status":"closed","ping_status":"closed","template":"","meta":{"footnotes":""},"class_list":["post-2230","page","type-page","status-publish","hentry"],"_links":{"self":[{"href":"https:\/\/villamazarron.nl\/de\/wp-json\/wp\/v2\/pages\/2230","targetHints":{"allow":["GET"]}}],"collection":[{"href":"https:\/\/villamazarron.nl\/de\/wp-json\/wp\/v2\/pages"}],"about":[{"href":"https:\/\/villamazarron.nl\/de\/wp-json\/wp\/v2\/types\/page"}],"author":[{"embeddable":true,"href":"https:\/\/villamazarron.nl\/de\/wp-json\/wp\/v2\/users\/1"}],"replies":[{"embeddable":true,"href":"https:\/\/villamazarron.nl\/de\/wp-json\/wp\/v2\/comments?post=2230"}],"version-history":[{"count":4,"href":"https:\/\/villamazarron.nl\/de\/wp-json\/wp\/v2\/pages\/2230\/revisions"}],"predecessor-version":[{"id":5603,"href":"https:\/\/villamazarron.nl\/de\/wp-json\/wp\/v2\/pages\/2230\/revisions\/5603"}],"up":[{"embeddable":true,"href":"https:\/\/villamazarron.nl\/de\/wp-json\/wp\/v2\/pages\/1823"}],"wp:attachment":[{"href":"https:\/\/villamazarron.nl\/de\/wp-json\/wp\/v2\/media?parent=2230"}],"curies":[{"name":"wp","href":"https:\/\/api.w.org\/{rel}","templated":true}]}}