{"id":2209,"date":"2021-01-22T15:25:36","date_gmt":"2021-01-22T14:25:36","guid":{"rendered":"https:\/\/mazarron.websiteagency.nl\/overwinteren\/"},"modified":"2025-04-16T14:16:14","modified_gmt":"2025-04-16T12:16:14","slug":"winteraufenthalt","status":"publish","type":"page","link":"https:\/\/villamazarron.nl\/de\/costa-calida\/winteraufenthalt\/","title":{"rendered":"Winteraufenthalt"},"content":{"rendered":"<div id='full_slider_1'  class='avia-fullwidth-slider main_color avia-shadow   avia-builder-el-0  el_before_av_one_full  avia-builder-el-first   container_wrap fullsize'  ><div  class='avia-slideshow av-m476jqu6-3c3203c4b541223a6003f8c37ec15fa8 avia-slideshow-extra_large av_slideshow_full avia-slide-slider av-slideshow-ui av-control-default av-slideshow-manual av-loop-once av-loop-manual-endless av-default-height-applied  image_no_stretch avia-slideshow-1' data-slideshow-options=\"{&quot;animation&quot;:&quot;slide&quot;,&quot;autoplay&quot;:false,&quot;loop_autoplay&quot;:&quot;once&quot;,&quot;interval&quot;:5,&quot;loop_manual&quot;:&quot;manual-endless&quot;,&quot;autoplay_stopper&quot;:false,&quot;noNavigation&quot;:false,&quot;bg_slider&quot;:false,&quot;keep_padding&quot;:false,&quot;hoverpause&quot;:false,&quot;show_slide_delay&quot;:0}\"  itemprop=\"image\" itemscope=\"itemscope\" itemtype=\"https:\/\/schema.org\/ImageObject\" ><ul class='avia-slideshow-inner ' style='padding-bottom: 50%;'><li  class='avia-slideshow-slide av-m476jqu6-3c3203c4b541223a6003f8c37ec15fa8__0  av-single-slide slide-1 slide-odd'><div data-rel='slideshow-1' class='avia-slide-wrap '   ><img decoding=\"async\" fetchpriority=\"high\" class=\"wp-image-4955 avia-img-lazy-loading-not-4955\"  src=\"https:\/\/villamazarron.nl\/wp-content\/uploads\/2024\/12\/IMG_5054-1500x750.jpg\" width=\"1500\" height=\"750\" title='IMG_5054' alt=''  itemprop=\"thumbnailUrl\" srcset=\"https:\/\/villamazarron.nl\/wp-content\/uploads\/2024\/12\/IMG_5054-1500x750.jpg 1500w, https:\/\/villamazarron.nl\/wp-content\/uploads\/2024\/12\/IMG_5054-300x150.jpg 300w, https:\/\/villamazarron.nl\/wp-content\/uploads\/2024\/12\/IMG_5054-1030x515.jpg 1030w, https:\/\/villamazarron.nl\/wp-content\/uploads\/2024\/12\/IMG_5054-768x384.jpg 768w, https:\/\/villamazarron.nl\/wp-content\/uploads\/2024\/12\/IMG_5054-1536x768.jpg 1536w, https:\/\/villamazarron.nl\/wp-content\/uploads\/2024\/12\/IMG_5054-705x353.jpg 705w, https:\/\/villamazarron.nl\/wp-content\/uploads\/2024\/12\/IMG_5054.jpg 1920w\" sizes=\"(max-width: 1500px) 100vw, 1500px\" \/><\/div><\/li><\/ul><\/div><\/div><div id='after_full_slider_1'  class='main_color av_default_container_wrap container_wrap fullsize'  ><div class='container av-section-cont-open' ><div class='template-page content  av-content-full alpha units'><div class='post-entry post-entry-type-page post-entry-2209'><div class='entry-content-wrapper clearfix'>\n\n<style type=\"text\/css\" data-created_by=\"avia_inline_auto\" id=\"style-css-av-85jzy-46ce16de4f3de9ab656424ac1339d207\">\n.flex_column.av-85jzy-46ce16de4f3de9ab656424ac1339d207{\nborder-radius:0px 0px 0px 0px;\npadding:0px 0px 0px 0px;\n}\n<\/style>\n<div  class='flex_column av-85jzy-46ce16de4f3de9ab656424ac1339d207 av_one_full  avia-builder-el-1  el_after_av_slideshow_full  el_before_av_one_fifth  avia-builder-el-first  first flex_column_div av-zero-column-padding  '     ><p>\n<style type=\"text\/css\" data-created_by=\"avia_inline_auto\" id=\"style-css-av-av_heading-460b8fd6c5031b1e29544d02aed06a69\">\n#top .av-special-heading.av-av_heading-460b8fd6c5031b1e29544d02aed06a69{\npadding-bottom:10px;\n}\nbody .av-special-heading.av-av_heading-460b8fd6c5031b1e29544d02aed06a69 .av-special-heading-tag .heading-char{\nfont-size:25px;\n}\n.av-special-heading.av-av_heading-460b8fd6c5031b1e29544d02aed06a69 .av-subheading{\nfont-size:15px;\n}\n<\/style>\n<div  class='av-special-heading av-av_heading-460b8fd6c5031b1e29544d02aed06a69 av-special-heading-h1 blockquote modern-quote modern-centered  avia-builder-el-2  el_before_av_textblock  avia-builder-el-first '><h1 class='av-special-heading-tag '  itemprop=\"headline\"  >Winteraufenthalt<\/h1><div class=\"special-heading-border\"><div class=\"special-heading-inner-border\"><\/div><\/div><\/div><br \/>\n<section  class='av_textblock_section av-l6bxwess-7f87f68469651c4f5eb7e9cd882ca60d '   itemscope=\"itemscope\" itemtype=\"https:\/\/schema.org\/CreativeWork\" ><div class='avia_textblock'  itemprop=\"text\" ><p style=\"text-align: center;\"><em>Haben Sie schon einmal einen Winter mit fast jedem Sonnentag erlebt?<\/em><br \/>\nKommen Sie und erleben Sie die Gastfreundschaft von Villamazarron.<\/p>\n<\/div><\/section><\/p><\/div>\n\n<style type=\"text\/css\" data-created_by=\"avia_inline_auto\" id=\"style-css-av-av_one_fifth-79ff81c021393065cee878051452f6a6\">\n.flex_column.av-av_one_fifth-79ff81c021393065cee878051452f6a6{\nborder-radius:0px 0px 0px 0px;\npadding:0px 0px 0px 0px;\n}\n<\/style>\n<div  class='flex_column av-av_one_fifth-79ff81c021393065cee878051452f6a6 av_one_fifth  avia-builder-el-4  el_after_av_one_full  el_before_av_three_fifth  first flex_column_div av-zero-column-padding  column-top-margin'     ><\/div>\n\n<style type=\"text\/css\" data-created_by=\"avia_inline_auto\" id=\"style-css-av-av_three_fifth-49f6e875884219cf77c24341e550af53\">\n.flex_column.av-av_three_fifth-49f6e875884219cf77c24341e550af53{\nborder-radius:0px 0px 0px 0px;\npadding:0px 0px 0px 0px;\n}\n<\/style>\n<div  class='flex_column av-av_three_fifth-49f6e875884219cf77c24341e550af53 av_three_fifth  avia-builder-el-5  el_after_av_one_fifth  el_before_av_one_fifth  flex_column_div av-zero-column-padding  column-top-margin'     ><style type=\"text\/css\" data-created_by=\"avia_inline_auto\" id=\"style-css-av-l6bxww93-eacdc8b3ee2a9fc8584e5f3dfba59ee3\">\n.avia-video.av-l6bxww93-eacdc8b3ee2a9fc8584e5f3dfba59ee3{\nbackground-image:url(https:\/\/villamazarron.nl\/wp-content\/uploads\/2022\/08\/Villamazarron-Eropuit.jpg);\n}\n<\/style>\n<div  class='avia-video av-l6bxww93-eacdc8b3ee2a9fc8584e5f3dfba59ee3 avia-video-16-9 av-preview-image avia-video-lightbox av-lazyload-video-embed avia-video-standard-html'  itemprop=\"video\" itemtype=\"https:\/\/schema.org\/VideoObject\"  data-original_url='https:\/\/villamazarron.nl\/wp-content\/uploads\/2022\/08\/Villamazarron-Eropuit.mp4'><script type='text\/html' class='av-video-tmpl'><a href='https:\/\/villamazarron.nl\/wp-content\/uploads\/2022\/08\/Villamazarron-Eropuit.mp4' rel='lightbox' class='mfp-iframe lightbox-link' data-custom_class='avia-mfp-is-video avia-mfp-video-16-9  '><\/a><\/script><div class=\"av-click-to-play-overlay play-lightbox\"><div class=\"avia_playpause_icon\"><\/div><\/div><\/div><\/div>\n\n<style type=\"text\/css\" data-created_by=\"avia_inline_auto\" id=\"style-css-av-av_one_fifth-49f6e875884219cf77c24341e550af53\">\n.flex_column.av-av_one_fifth-49f6e875884219cf77c24341e550af53{\nborder-radius:0px 0px 0px 0px;\npadding:0px 0px 0px 0px;\n}\n<\/style>\n<div  class='flex_column av-av_one_fifth-49f6e875884219cf77c24341e550af53 av_one_fifth  avia-builder-el-7  el_after_av_three_fifth  el_before_av_one_full  flex_column_div av-zero-column-padding  column-top-margin'     ><\/div>\n\n<style type=\"text\/css\" data-created_by=\"avia_inline_auto\" id=\"style-css-av-av_one_full-79ff81c021393065cee878051452f6a6\">\n.flex_column.av-av_one_full-79ff81c021393065cee878051452f6a6{\nborder-radius:0px 0px 0px 0px;\npadding:0px 0px 0px 0px;\n}\n<\/style>\n<div  class='flex_column av-av_one_full-79ff81c021393065cee878051452f6a6 av_one_full  avia-builder-el-8  el_after_av_one_fifth  avia-builder-el-last  first flex_column_div av-zero-column-padding  column-top-margin'     ><section  class='av_textblock_section av-kqwg4xys-1ce6a2c787f25082b57558a297861518 '   itemscope=\"itemscope\" itemtype=\"https:\/\/schema.org\/CreativeWork\" ><div class='avia_textblock'  itemprop=\"text\" ><div class=\"entry-content\">\n<p>Den Winter an der Costa Calida zu verbringen, hat wirklich viele Vorteile.<\/p>\n<p>Das sonnigste Klima im Winter in ganz S\u00fcdeuropa.<br \/>\nDie ges\u00fcndeste Luft S\u00fcdeuropas wurde in dieser Region der Costa C\u00e1lida nachgewiesen.<br \/>\nDas billige Leben an der Costa C\u00e1lida; \u00dcberwintern ist billiger als man denkt. Mach den Test!<br \/>\nDie freundlichen und stets hilfsbereiten Bewohner der Costa C\u00e1lida.<\/p>\n<p>Exzellente Gesundheitsversorgung in der Region.<\/p>\n<p>Immer Service im Ferienort Casa\u00f1a. Casa\u00f1a hat Mitarbeiter, die alle Sprachen sprechen. Wir oder Casa\u00f1a hei\u00dfen Sie willkommen, winken Ihnen bei der Abreise zu und stehen Ihnen in der Zwischenzeit jederzeit zur Verf\u00fcgung, wenn Sie ein Problem haben, das gel\u00f6st werden muss.<br \/>\nIn dieser Region finden Sie alle Freizeitm\u00f6glichkeiten, die Sie sich w\u00fcnschen. Wundersch\u00f6ne Natur, Kultur, Sportanlagen im weitesten Sinne des Wortes, ausgezeichnete K\u00fcche, fantastische L\u00e4den, kurz zu viele, um sie zu erw\u00e4hnen. Bevor Sie es merken, ist der \u201eWinter\u201c vorbei und Sie kehren in gebr\u00e4unter Form nach Nordeuropa zur\u00fcck, wo der Fr\u00fchling wieder beginnt. W\u00e4hrend Ihres Aufenthaltes \u201ewandern\u201c Sie einfach im Schnee; Die \u201eSierra Nevada\u201c ist mit dem Auto gut zu erreichen.<\/p>\n<p>All dies zu einem Preis, der Sie \u00fcberraschen wird. Im Vergleich zu der Qualit\u00e4t, die wir Ihnen anbieten, sind Sie in Spanien ein \u201eSchn\u00e4ppchen\u201c. Fragen Sie uns nach einem passenden Angebot und werden Sie unser Gast. Von November bis M\u00e4rz bieten wir tolle Preise.<br \/>\nVillamazarron ist flexibel; Ihr Preis h\u00e4ngt von der Anzahl der Personen und der Dauer ab, die Sie buchen m\u00f6chten. <em><strong>\u201eJe l\u00e4nger Sie kommen, desto billiger bleiben Sie\u201c<\/strong><\/em> Fragen Sie, ob wir Ihnen ein Angebot unterbreiten k\u00f6nnen. Bei Villamazarron k\u00f6nnen Sie mieten, einschlie\u00dflich aller Kosten (Sie wissen, wo Sie stehen) oder ohne alle Kosten (Gas, Strom und Wasser werden dann entsprechend Ihrer tats\u00e4chlichen Nutzung berechnet). Wie du willst \u2026\u2026..<\/p>\n<p>Wir hoffen, Sie als unseren Gast begr\u00fc\u00dfen zu d\u00fcrfen. Mit einer Auswahl von 6 Objekten gibt es immer ein passendes Objekt f\u00fcr Sie. In den letzten Jahren haben wir erfahren, dass Ihnen viele zufriedene G\u00e4ste vorausgegangen sind. Und \u2026\u2026\u2026 Sie m\u00f6chten den Winter nicht im Resort verbringen. Schauen Sie sich Casa Anavicente am Strand im rein spanischen Dorf Puntas de Calnegre an. Es kann nicht spanischer sein !!!<\/p>\n<p>Willkommen in Villamazarron.<\/p>\n<h2>Fragen Sie nach unseren speziellen Winterpreisen!<\/h2>\n<\/div>\n<\/div><\/section><\/div>\n","protected":false},"excerpt":{"rendered":"","protected":false},"author":1,"featured_media":0,"parent":1823,"menu_order":0,"comment_status":"closed","ping_status":"closed","template":"","meta":{"footnotes":""},"class_list":["post-2209","page","type-page","status-publish","hentry"],"_links":{"self":[{"href":"https:\/\/villamazarron.nl\/de\/wp-json\/wp\/v2\/pages\/2209","targetHints":{"allow":["GET"]}}],"collection":[{"href":"https:\/\/villamazarron.nl\/de\/wp-json\/wp\/v2\/pages"}],"about":[{"href":"https:\/\/villamazarron.nl\/de\/wp-json\/wp\/v2\/types\/page"}],"author":[{"embeddable":true,"href":"https:\/\/villamazarron.nl\/de\/wp-json\/wp\/v2\/users\/1"}],"replies":[{"embeddable":true,"href":"https:\/\/villamazarron.nl\/de\/wp-json\/wp\/v2\/comments?post=2209"}],"version-history":[{"count":4,"href":"https:\/\/villamazarron.nl\/de\/wp-json\/wp\/v2\/pages\/2209\/revisions"}],"predecessor-version":[{"id":5615,"href":"https:\/\/villamazarron.nl\/de\/wp-json\/wp\/v2\/pages\/2209\/revisions\/5615"}],"up":[{"embeddable":true,"href":"https:\/\/villamazarron.nl\/de\/wp-json\/wp\/v2\/pages\/1823"}],"wp:attachment":[{"href":"https:\/\/villamazarron.nl\/de\/wp-json\/wp\/v2\/media?parent=2209"}],"curies":[{"name":"wp","href":"https:\/\/api.w.org\/{rel}","templated":true}]}}