{"id":1890,"date":"2021-09-03T16:03:44","date_gmt":"2021-09-03T14:03:44","guid":{"rendered":"https:\/\/mazarron.websiteagency.nl\/costa-callida\/zugaenglichkeit\/"},"modified":"2025-04-16T14:12:48","modified_gmt":"2025-04-16T12:12:48","slug":"zugaenglichkeit","status":"publish","type":"page","link":"https:\/\/villamazarron.nl\/de\/costa-calida\/zugaenglichkeit\/","title":{"rendered":"Zug\u00e4nglichkeit"},"content":{"rendered":"<div id='full_slider_1'  class='avia-fullwidth-slider main_color avia-shadow   avia-builder-el-0  el_before_av_one_full  avia-builder-el-first   container_wrap fullsize'  ><div  class='avia-slideshow av-m4766muw-7584c80a9700728ddf0a2d020a924111 avia-slideshow-featured_large av_slideshow_full avia-slide-slider av-slideshow-ui av-control-default av-slideshow-manual av-loop-once av-loop-manual-endless av-default-height-applied  image_no_stretch avia-slideshow-1' data-slideshow-options=\"{&quot;animation&quot;:&quot;slide&quot;,&quot;autoplay&quot;:false,&quot;loop_autoplay&quot;:&quot;once&quot;,&quot;interval&quot;:5,&quot;loop_manual&quot;:&quot;manual-endless&quot;,&quot;autoplay_stopper&quot;:false,&quot;noNavigation&quot;:false,&quot;bg_slider&quot;:false,&quot;keep_padding&quot;:false,&quot;hoverpause&quot;:false,&quot;show_slide_delay&quot;:0}\"  itemprop=\"image\" itemscope=\"itemscope\" itemtype=\"https:\/\/schema.org\/ImageObject\" ><ul class='avia-slideshow-inner ' style='padding-bottom: 42%;'><li  class='avia-slideshow-slide av-m4766muw-7584c80a9700728ddf0a2d020a924111__0  av-single-slide slide-1 slide-odd'><div data-rel='slideshow-1' class='avia-slide-wrap '   ><img decoding=\"async\" fetchpriority=\"high\" class=\"wp-image-5175 avia-img-lazy-loading-not-5175\"  src=\"https:\/\/villamazarron.nl\/wp-content\/uploads\/2025\/02\/Bereikbaarheid-Villamazarron-1500x630.jpg\" width=\"1500\" height=\"630\" title='Bereikbaarheid - Villamazarron' alt=''  itemprop=\"thumbnailUrl\"   \/><\/div><\/li><\/ul><\/div><\/div><div id='after_full_slider_1'  class='main_color av_default_container_wrap container_wrap fullsize'  ><div class='container av-section-cont-open' ><div class='template-page content  av-content-full alpha units'><div class='post-entry post-entry-type-page post-entry-1890'><div class='entry-content-wrapper clearfix'>\n\n<style type=\"text\/css\" data-created_by=\"avia_inline_auto\" id=\"style-css-av-16ooc-6a1f7c1f48a65bfd513c42e1d7b29308\">\n.flex_column.av-16ooc-6a1f7c1f48a65bfd513c42e1d7b29308{\nborder-radius:0px 0px 0px 0px;\npadding:0px 0px 0px 0px;\n}\n<\/style>\n<div  class='flex_column av-16ooc-6a1f7c1f48a65bfd513c42e1d7b29308 av_one_full  avia-builder-el-1  el_after_av_slideshow_full  avia-builder-el-no-sibling  first flex_column_div av-zero-column-padding  '     ><p>\n<style type=\"text\/css\" data-created_by=\"avia_inline_auto\" id=\"style-css-av-kpguen0h-a86f57612aa558e67e349fcf34954d7d\">\n#top .av-special-heading.av-kpguen0h-a86f57612aa558e67e349fcf34954d7d{\npadding-bottom:10px;\n}\nbody .av-special-heading.av-kpguen0h-a86f57612aa558e67e349fcf34954d7d .av-special-heading-tag .heading-char{\nfont-size:25px;\n}\n.av-special-heading.av-kpguen0h-a86f57612aa558e67e349fcf34954d7d .av-subheading{\nfont-size:15px;\n}\n<\/style>\n<div  class='av-special-heading av-kpguen0h-a86f57612aa558e67e349fcf34954d7d av-special-heading-h1 blockquote modern-quote modern-centered  avia-builder-el-2  el_before_av_textblock  avia-builder-el-first '><h1 class='av-special-heading-tag '  itemprop=\"headline\"  >Zug\u00e4nglichkeit <\/h1><div class=\"special-heading-border\"><div class=\"special-heading-inner-border\"><\/div><\/div><\/div><br \/>\n<section  class='av_textblock_section av-kpguigya-be58f3513db99c3961a1120684ed3842 '   itemscope=\"itemscope\" itemtype=\"https:\/\/schema.org\/CreativeWork\" ><div class='avia_textblock'  itemprop=\"text\" ><p>Seit Juli 2007 ist der &#8218;Mazarron Country Club&#8216; noch besser zu erreichen. In der Nachbarschaft wurden k\u00fcrzlich einige neue Autobahnabschnitte er\u00f6ffnet. Die neue Autobahn f\u00fchrt direkt am Resort vorbei, sodass Sie nicht mehr auf die Landstra\u00dfen angewie\u00dfen sind um zu Ihrem Ferienort zu gelangen. Wenn Sie von Norden kommen, was meist der Fall ist, k\u00f6nnen Sie das Resort per zollfreier Autobahn erreichen. Es folgt die Wegbeschreibung f\u00fcr eine Fahrt vom Flughafen von Alicance.<\/p>\n<p>Verlassen Sie den Flughafen von Alicante.<br \/>\nNehmen Sie der Route nach Murcia, indem sie den Stra\u00dfenschildern A7 (E-15) in Richtung Murcia folgen.<br \/>\nNach 45 Minuten Fahrt auf dieser Autobahn werden Sie Murcia passieren.<\/p>\n<p>Hier m\u00fcssen Sie Acht geben.<\/p>\n<p>Die Stra\u00dfe teilt sich; halten Sie sich rechts, in Richtung Almeria\/Granada.<br \/>\nFolgen Sie dieser Stra\u00dfe.<br \/>\nNach einer Weile erreichen Sie die Ausfahrt nach Bahia de Mazarron, aber verlassen Sie die Stra\u00dfe hier nicht.<br \/>\nFahren Sie weiter bis Sie die Ausfahrt nach Totana\/Mazarron sehen.<br \/>\nDiese Ausfahrt f\u00fchrt Sie in Richtung Mazarron.<br \/>\nDie letzten zehn Minuten zum Hotel fahren Sie auf einer weiteren Autobahn.<br \/>\nVerlassen Sie die Autobahn bei der Ausfahrt \u2018Country Club\u2019.<br \/>\nFolgen Sie der Stra\u00dfe und behalten Sie am Kreisverkehr Ihre Richtung bei. Nun fahren Sie einige hundert Meter in entgegengesetzter Richtung zu Ihrer Fahrt auf der Autobahn.<br \/>\nSie werden die Einfahrt zum Resort nach kurzer Zeit zu Ihrer Rechten sehen.<\/p>\n<p>Mit der Karte von Resort, die Ihnen nach der Buchung zugesendet werden wird, k\u00f6nnen Sie nun Ihr Ferienhaus finden.<\/p>\n<p><strong>Airlines<\/strong><\/p>\n<p>Einen Flug nach Alicante k\u00f6nnen Sie mit den folgenden Airlines buchen;<\/p>\n<p><a href=\"http:\/\/www.transavia.com\" target=\"_blank\" rel=\"noopener\">Transavia<\/a> , <a href=\"http:\/\/www.vueling.com\/\" target=\"_blank\" rel=\"noopener\">Vueling<\/a> und <a href=\"http:\/\/www.ryanair.com\/\" target=\"_blank\" rel=\"noopener\">Ryan Air<\/a><\/p>\n<p>Air Berlin fliegt auch nach Alicante; allerdings sind dies keine Direktfl\u00fcge.<\/p>\n<p><strong>Autovermietung<\/strong><\/p>\n<p>Es gibt eine Vielzahl von Autovermietungen in Alicante.<br \/>\n<a href=\"https:\/\/partner.sunnycars.nl\/ak\/2525487\/\" target=\"_blank\" rel=\"noopener\">Bitte ben\u00fctzen sie unseren Partner Sunny Cars<\/a>.<\/p>\n<\/div><\/section><\/p><\/div>\n","protected":false},"excerpt":{"rendered":"","protected":false},"author":1,"featured_media":0,"parent":1823,"menu_order":0,"comment_status":"closed","ping_status":"closed","template":"","meta":{"footnotes":""},"class_list":["post-1890","page","type-page","status-publish","hentry"],"_links":{"self":[{"href":"https:\/\/villamazarron.nl\/de\/wp-json\/wp\/v2\/pages\/1890","targetHints":{"allow":["GET"]}}],"collection":[{"href":"https:\/\/villamazarron.nl\/de\/wp-json\/wp\/v2\/pages"}],"about":[{"href":"https:\/\/villamazarron.nl\/de\/wp-json\/wp\/v2\/types\/page"}],"author":[{"embeddable":true,"href":"https:\/\/villamazarron.nl\/de\/wp-json\/wp\/v2\/users\/1"}],"replies":[{"embeddable":true,"href":"https:\/\/villamazarron.nl\/de\/wp-json\/wp\/v2\/comments?post=1890"}],"version-history":[{"count":5,"href":"https:\/\/villamazarron.nl\/de\/wp-json\/wp\/v2\/pages\/1890\/revisions"}],"predecessor-version":[{"id":5610,"href":"https:\/\/villamazarron.nl\/de\/wp-json\/wp\/v2\/pages\/1890\/revisions\/5610"}],"up":[{"embeddable":true,"href":"https:\/\/villamazarron.nl\/de\/wp-json\/wp\/v2\/pages\/1823"}],"wp:attachment":[{"href":"https:\/\/villamazarron.nl\/de\/wp-json\/wp\/v2\/media?parent=1890"}],"curies":[{"name":"wp","href":"https:\/\/api.w.org\/{rel}","templated":true}]}}